{"id":427,"date":"2023-08-17T10:38:29","date_gmt":"2023-08-17T08:38:29","guid":{"rendered":"https:\/\/arta.dkonto.pl\/?page_id=427"},"modified":"2024-10-17T12:17:18","modified_gmt":"2024-10-17T10:17:18","slug":"pakowanie","status":"publish","type":"page","link":"https:\/\/artapharma.pl\/en\/produkcja-kontraktowa\/pakowanie\/","title":{"rendered":"Packing"},"content":{"rendered":"<style>.kb-row-layout-id427_177bab-b7 > .kt-row-column-wrap{align-content:start;}:where(.kb-row-layout-id427_177bab-b7 > .kt-row-column-wrap) > .wp-block-kadence-column{justify-content:start;}.kb-row-layout-id427_177bab-b7 > .kt-row-column-wrap{column-gap:var(--global-kb-gap-md, 2rem);row-gap:var(--global-kb-gap-md, 2rem);padding-top:var(--global-kb-spacing-sm, 1.5rem);padding-bottom:var(--global-kb-spacing-sm, 1.5rem);grid-template-columns:minmax(0, calc(50% - ((var(--global-kb-gap-md, 2rem) * 1 )\/2)))minmax(0, calc(50% - ((var(--global-kb-gap-md, 2rem) * 1 )\/2)));}.kb-row-layout-id427_177bab-b7 > .kt-row-layout-overlay{opacity:0.30;}@media all and (max-width: 1024px){.kb-row-layout-id427_177bab-b7 > .kt-row-column-wrap{grid-template-columns:minmax(0, 2fr) minmax(0, 1fr);}}@media all and (max-width: 767px){.kb-row-layout-id427_177bab-b7 > .kt-row-column-wrap{grid-template-columns:minmax(0, 1fr);}}<\/style><div class=\"kb-row-layout-wrap kb-row-layout-id427_177bab-b7 alignnone wp-block-kadence-rowlayout\"><div class=\"kt-row-column-wrap kt-has-2-columns kt-row-layout-left-golden kt-tab-layout-inherit kt-mobile-layout-row kt-row-valign-top\">\r\n<style>.kadence-column427_ef3d51-42 > .kt-inside-inner-col,.kadence-column427_ef3d51-42 > .kt-inside-inner-col:before{border-top-left-radius:0px;border-top-right-radius:0px;border-bottom-right-radius:0px;border-bottom-left-radius:0px;}.kadence-column427_ef3d51-42 > .kt-inside-inner-col{column-gap:var(--global-kb-gap-sm, 1rem);}.kadence-column427_ef3d51-42 > .kt-inside-inner-col{flex-direction:column;}.kadence-column427_ef3d51-42 > .kt-inside-inner-col > .aligncenter{width:100%;}.kadence-column427_ef3d51-42 > .kt-inside-inner-col:before{opacity:0.3;}.kadence-column427_ef3d51-42{position:relative;}@media all and (max-width: 1024px){.kadence-column427_ef3d51-42 > .kt-inside-inner-col{flex-direction:column;justify-content:center;}}@media all and (max-width: 767px){.kadence-column427_ef3d51-42 > .kt-inside-inner-col{flex-direction:column;justify-content:center;}}<\/style>\r\n<div class=\"wp-block-kadence-column kadence-column427_ef3d51-42\">\r\n<div class=\"kt-inside-inner-col\"><style>.wp-block-kadence-advancedheading.kt-adv-heading427_192140-fa, .wp-block-kadence-advancedheading.kt-adv-heading427_192140-fa[data-kb-block=\"kb-adv-heading427_192140-fa\"]{font-style:normal;}.wp-block-kadence-advancedheading.kt-adv-heading427_192140-fa mark.kt-highlight, .wp-block-kadence-advancedheading.kt-adv-heading427_192140-fa[data-kb-block=\"kb-adv-heading427_192140-fa\"] mark.kt-highlight{font-style:normal;color:#f76a0c;-webkit-box-decoration-break:clone;box-decoration-break:clone;padding-top:0px;padding-right:0px;padding-bottom:0px;padding-left:0px;}.wp-block-kadence-advancedheading.kt-adv-heading427_192140-fa img.kb-inline-image, .wp-block-kadence-advancedheading.kt-adv-heading427_192140-fa[data-kb-block=\"kb-adv-heading427_192140-fa\"] img.kb-inline-image{width:150px;vertical-align:baseline;}<\/style>\r\n<div class=\"kb-adv-heading-wrap427_192140-fa kadence-advanced-heading-wrapper kadence-heading-clip-animation\">\r\n<h2 class=\"kt-adv-heading427_192140-fa wp-block-kadence-advancedheading\" data-kb-block=\"kb-adv-heading427_192140-fa\" data-aos=\"reveal-down\" data-aos-duration=\"1000\">Pakowanie<\/h2>\r\n<\/div>\r\n\r\n<style>.wp-block-kadence-advancedheading.kt-adv-heading427_eebb85-1f, .wp-block-kadence-advancedheading.kt-adv-heading427_eebb85-1f[data-kb-block=\"kb-adv-heading427_eebb85-1f\"]{font-style:normal;}.wp-block-kadence-advancedheading.kt-adv-heading427_eebb85-1f mark.kt-highlight, .wp-block-kadence-advancedheading.kt-adv-heading427_eebb85-1f[data-kb-block=\"kb-adv-heading427_eebb85-1f\"] mark.kt-highlight{font-style:normal;color:#f76a0c;-webkit-box-decoration-break:clone;box-decoration-break:clone;padding-top:0px;padding-right:0px;padding-bottom:0px;padding-left:0px;}.wp-block-kadence-advancedheading.kt-adv-heading427_eebb85-1f img.kb-inline-image, .wp-block-kadence-advancedheading.kt-adv-heading427_eebb85-1f[data-kb-block=\"kb-adv-heading427_eebb85-1f\"] img.kb-inline-image{width:150px;vertical-align:baseline;}<\/style>\r\n<p class=\"kt-adv-heading427_eebb85-1f wp-block-kadence-advancedheading\" data-kb-block=\"kb-adv-heading427_eebb85-1f\" data-aos=\"fade\" data-aos-duration=\"1000\">Po procesie wytwarzania gwarantujemy us\u0142ug\u0119 pakowania produkt\u00f3w zgodnie z wymaganiami klienta. Nasz rozwini\u0119ty park maszynowy pozwala na pakowanie wyrob\u00f3w w nast\u0119puj\u0105ce formy:<\/p>\r\n<ul>\r\n\t<li class=\"kt-adv-heading427_eebb85-1f wp-block-kadence-advancedheading\" data-kb-block=\"kb-adv-heading427_eebb85-1f\" data-aos=\"fade\" data-aos-duration=\"1000\"><span style=\"font-family: var(--global-body-font-family);\">blistry<\/span><\/li>\r\n\t<li class=\"kt-adv-heading427_eebb85-1f wp-block-kadence-advancedheading\" data-kb-block=\"kb-adv-heading427_eebb85-1f\" data-aos=\"fade\" data-aos-duration=\"1000\"><span style=\"font-family: var(--global-body-font-family);\">s\u0142oiczki<\/span><\/li>\r\n\t<li class=\"kt-adv-heading427_eebb85-1f wp-block-kadence-advancedheading\" data-kb-block=\"kb-adv-heading427_eebb85-1f\" data-aos=\"fade\" data-aos-duration=\"1000\"><span style=\"font-family: var(--global-body-font-family);\">saszetki<\/span><\/li>\r\n\t<li class=\"kt-adv-heading427_eebb85-1f wp-block-kadence-advancedheading\" data-kb-block=\"kb-adv-heading427_eebb85-1f\" data-aos=\"fade\" data-aos-duration=\"1000\"><span style=\"font-family: var(--global-body-font-family);\">butelki<\/span><\/li>\r\n\t<li class=\"kt-adv-heading427_eebb85-1f wp-block-kadence-advancedheading\" data-kb-block=\"kb-adv-heading427_eebb85-1f\" data-aos=\"fade\" data-aos-duration=\"1000\"><span style=\"font-family: var(--global-body-font-family);\">tuby<\/span><\/li>\r\n<\/ul>\r\n\r\n\r\n<p>W celu uzyskania wi\u0119kszej ilo\u015bci informacji prosimy\u00a0 o przes\u0142anie zapytania przez formularz kontaktowy w zak\u0142adce <a href=\"\/kontakt\">KONTAKT<\/a>.<\/p>\r\n<\/div>\r\n<\/div>\r\n\r\n<style>.kadence-column427_eee313-81 > .kt-inside-inner-col,.kadence-column427_eee313-81 > .kt-inside-inner-col:before{border-top-left-radius:0px;border-top-right-radius:0px;border-bottom-right-radius:0px;border-bottom-left-radius:0px;}.kadence-column427_eee313-81 > .kt-inside-inner-col{column-gap:var(--global-kb-gap-sm, 1rem);}.kadence-column427_eee313-81 > .kt-inside-inner-col{flex-direction:column;}.kadence-column427_eee313-81 > .kt-inside-inner-col > .aligncenter{width:100%;}.kadence-column427_eee313-81 > .kt-inside-inner-col:before{opacity:0.3;}.kadence-column427_eee313-81{position:relative;}@media all and (max-width: 1024px){.kadence-column427_eee313-81 > .kt-inside-inner-col{flex-direction:column;justify-content:center;}}@media all and (max-width: 767px){.kadence-column427_eee313-81 > .kt-inside-inner-col{flex-direction:column;justify-content:center;}}<\/style>\r\n<div class=\"wp-block-kadence-column kadence-column427_eee313-81\">\r\n<div class=\"kt-inside-inner-col\"><style>.kb-image427_f8dfd2-07 .kb-image-has-overlay:after{opacity:0.3;}<\/style>\r\n<figure class=\"wp-block-kadence-image kb-image427_f8dfd2-07 size-large\" data-aos=\"fade\" data-aos-duration=\"1000\"><img loading=\"lazy\" decoding=\"async\" width=\"1024\" height=\"683\" class=\"kb-img wp-image-670\" src=\"https:\/\/artapharma.pl\/wp-content\/uploads\/2023\/11\/zdjecie-pakowanie-1024x683.jpg\" alt=\"\" srcset=\"https:\/\/artapharma.pl\/wp-content\/uploads\/2023\/11\/zdjecie-pakowanie-1024x683.jpg 1024w, https:\/\/artapharma.pl\/wp-content\/uploads\/2023\/11\/zdjecie-pakowanie-300x200.jpg 300w, https:\/\/artapharma.pl\/wp-content\/uploads\/2023\/11\/zdjecie-pakowanie-768x512.jpg 768w, https:\/\/artapharma.pl\/wp-content\/uploads\/2023\/11\/zdjecie-pakowanie-1536x1024.jpg 1536w, https:\/\/artapharma.pl\/wp-content\/uploads\/2023\/11\/zdjecie-pakowanie-2048x1365.jpg 2048w\" sizes=\"auto, (max-width: 1024px) 100vw, 1024px\" \/><\/figure>\r\n<\/div>\r\n<\/div>\r\n<\/div><\/div>","protected":false},"excerpt":{"rendered":"<p>Pakowanie Po procesie wytwarzania gwarantujemy us\u0142ug\u0119 pakowania produkt\u00f3w zgodnie z wymaganiami klienta. Nasz rozwini\u0119ty park maszynowy pozwala na pakowanie wyrob\u00f3w w nast\u0119puj\u0105ce formy: blistry s\u0142oiczki saszetki butelki tuby W celu uzyskania wi\u0119kszej ilo\u015bci informacji prosimy\u00a0 o przes\u0142anie zapytania przez formularz kontaktowy w zak\u0142adce KONTAKT.<\/p>","protected":false},"author":2,"featured_media":621,"parent":17,"menu_order":0,"comment_status":"closed","ping_status":"closed","template":"","meta":{"_kad_blocks_custom_css":"","_kad_blocks_head_custom_js":"","_kad_blocks_body_custom_js":"","_kad_blocks_footer_custom_js":"","_kad_post_transparent":"default","_kad_post_title":"default","_kad_post_layout":"default","_kad_post_sidebar_id":"","_kad_post_content_style":"default","_kad_post_vertical_padding":"default","_kad_post_feature":"","_kad_post_feature_position":"","_kad_post_header":false,"_kad_post_footer":false,"_kad_post_classname":"","footnotes":""},"class_list":["post-427","page","type-page","status-publish","has-post-thumbnail","hentry"],"taxonomy_info":[],"featured_image_src_large":["https:\/\/artapharma.pl\/wp-content\/uploads\/2023\/10\/pakowanie-1024x768.jpg",1024,768,true],"author_info":{"display_name":"Przemek","author_link":"https:\/\/artapharma.pl\/en\/author\/przemek\/"},"comment_info":0,"_links":{"self":[{"href":"https:\/\/artapharma.pl\/en\/wp-json\/wp\/v2\/pages\/427","targetHints":{"allow":["GET"]}}],"collection":[{"href":"https:\/\/artapharma.pl\/en\/wp-json\/wp\/v2\/pages"}],"about":[{"href":"https:\/\/artapharma.pl\/en\/wp-json\/wp\/v2\/types\/page"}],"author":[{"embeddable":true,"href":"https:\/\/artapharma.pl\/en\/wp-json\/wp\/v2\/users\/2"}],"replies":[{"embeddable":true,"href":"https:\/\/artapharma.pl\/en\/wp-json\/wp\/v2\/comments?post=427"}],"version-history":[{"count":6,"href":"https:\/\/artapharma.pl\/en\/wp-json\/wp\/v2\/pages\/427\/revisions"}],"predecessor-version":[{"id":865,"href":"https:\/\/artapharma.pl\/en\/wp-json\/wp\/v2\/pages\/427\/revisions\/865"}],"up":[{"embeddable":true,"href":"https:\/\/artapharma.pl\/en\/wp-json\/wp\/v2\/pages\/17"}],"wp:featuredmedia":[{"embeddable":true,"href":"https:\/\/artapharma.pl\/en\/wp-json\/wp\/v2\/media\/621"}],"wp:attachment":[{"href":"https:\/\/artapharma.pl\/en\/wp-json\/wp\/v2\/media?parent=427"}],"curies":[{"name":"wp","href":"https:\/\/api.w.org\/{rel}","templated":true}]}}