{"id":25,"date":"2023-08-16T09:33:54","date_gmt":"2023-08-16T07:33:54","guid":{"rendered":"http:\/\/arta.dkonto.pl\/?page_id=25"},"modified":"2025-07-08T14:16:25","modified_gmt":"2025-07-08T12:16:25","slug":"aktualnosci","status":"publish","type":"page","link":"https:\/\/artapharma.pl\/en\/aktualnosci\/","title":{"rendered":"News"},"content":{"rendered":"<style>.kt-post-loop25_303376-9f .kadence-post-image{padding-top:0px;padding-right:30px;padding-bottom:60px;padding-left:0px;}.kt-post-loop25_303376-9f .kt-feat-image-align-left{grid-template-columns:48% auto;}.kt-post-loop25_303376-9f .kt-post-grid-wrap{gap:56px 40px;}.kt-post-loop25_303376-9f .kt-blocks-post-grid-item{border-top-left-radius:0px;border-top-right-radius:0px;border-bottom-right-radius:0px;border-bottom-left-radius:0px;border-top-color:currentColor;border-top-style:solid;border-right-color:currentColor;border-right-style:solid;border-bottom:1px solid rgba(45,30,30,0.22);border-left-color:currentColor;border-left-style:solid;overflow:hidden;}.kt-post-loop25_303376-9f .kt-blocks-post-grid-item .kt-blocks-post-grid-item-inner{padding-top:5em;padding-right:0em;padding-bottom:0em;padding-left:0em;}.kt-post-loop25_303376-9f .kt-blocks-post-grid-item .kt-blocks-post-grid-item-inner{text-align:left;}.kt-post-loop25_303376-9f .kt-blocks-post-grid-item header{padding-top:0px;padding-right:0px;padding-bottom:10px;padding-left:0px;margin-top:0px;margin-right:0px;margin-bottom:0px;margin-left:0px;}.kt-post-loop25_303376-9f .kt-blocks-post-grid-item .kt-blocks-above-categories{font-size:13px;line-height:20px;font-weight:bold;text-transform:none;}.kt-post-loop25_303376-9f .kt-blocks-post-grid-item .entry-title{padding-top:5px;padding-right:0px;padding-bottom:0px;padding-left:0px;margin-top:0px;margin-right:0px;margin-bottom:0px;margin-left:0px;font-size:28px;line-height:30px;}.kt-post-loop25_303376-9f .entry-content{padding-top:10px;padding-right:0px;padding-bottom:0px;padding-left:0px;margin-top:0px;margin-right:0px;margin-bottom:0px;margin-left:0px;font-size:14px;line-height:24px;}.kt-post-loop25_303376-9f .kt-blocks-post-footer{border-top-width:0px;border-right-width:0px;border-bottom-width:0px;border-left-width:0px;padding-top:0px;padding-right:0px;padding-bottom:0px;padding-left:0px;margin-top:0px;margin-right:0px;margin-bottom:0px;margin-left:0px;font-size:12px;line-height:20px;text-transform:uppercase;}.kt-post-loop25_303376-9f .entry-content:after{height:0px;}.kt-post-loop25_303376-9f .entry-content .kt-blocks-post-readmore{background-color:rgba(68,68,68,0);border-color:#444444;color:var(--global-palette3, #1A202C);padding-top:20px;padding-right:0px;padding-bottom:0px;padding-left:0px;margin-top:0px;margin-right:0px;margin-bottom:0px;margin-left:0px;font-size:18px;font-weight:bold;}.kt-post-loop25_303376-9f .entry-content .kt-blocks-post-readmore:hover{color:var(--global-palette1, #3182CE);border-color:#555555;background-color:rgba(85,85,85,0);}.kt-post-loop25_303376-9f .kb-filter-item{border-top-width:0px;border-right-width:0px;border-bottom-width:2px;border-left-width:0px;padding-top:5px;padding-right:8px;padding-bottom:5px;padding-left:8px;margin-top:0px;margin-right:10px;margin-bottom:0px;margin-left:0px;}@media all and (max-width: 1024px){.kt-post-loop25_303376-9f .kt-blocks-post-grid-item{border-top-color:currentColor;border-top-style:solid;border-right-color:currentColor;border-right-style:solid;border-bottom:1px solid rgba(45,30,30,0.22);border-left-color:currentColor;border-left-style:solid;}}@media all and (max-width: 767px){.kt-post-loop25_303376-9f .kt-blocks-post-grid-item{border-top-color:currentColor;border-top-style:solid;border-right-color:currentColor;border-right-style:solid;border-bottom:1px solid rgba(45,30,30,0.22);border-left-color:currentColor;border-left-style:solid;}}<\/style><div class=\"wp-block-kadence-postgrid kt-blocks-post-loop-block alignnone kt-post-loop25_303376-9f kt-post-grid-layout-grid\"><div class=\"kt-post-grid-layout-grid-wrap kt-post-grid-wrap\" data-columns-xxl=\"1\" data-columns-xl=\"1\" data-columns-md=\"1\" data-columns-sm=\"1\" data-columns-xs=\"1\" data-columns-ss=\"1\"data-item-selector=\".kt-post-masonry-item\"><article class=\"kt-blocks-post-grid-item post-954 post type-post status-publish format-standard has-post-thumbnail hentry category-aktualnosci\"><div class=\"kt-blocks-post-grid-item-inner-wrap kt-feat-image-align-left kt-feat-image-mobile-align-top\"><div class=\"kadence-post-image\"><div class=\"kadence-post-image-intrisic kt-image-ratio-66-67\" style=\"padding-bottom:66.67%\"><div class=\"kadence-post-image-inner-intrisic\"><a href=\"https:\/\/artapharma.pl\/en\/wspolpracujemy-z-najlepszymi-nasz-ekspert-publikuje-w-wiodacym-czasopismie-branzowym\/\" class=\"kadence-post-image-inner-wrap\"><img loading=\"lazy\" decoding=\"async\" width=\"661\" height=\"599\" src=\"https:\/\/artapharma.pl\/wp-content\/uploads\/2026\/04\/Zrzut-ekranu-2026-04-02-142658.png\" class=\"attachment-large size-large wp-post-image\" alt=\"\" srcset=\"https:\/\/artapharma.pl\/wp-content\/uploads\/2026\/04\/Zrzut-ekranu-2026-04-02-142658.png 661w, https:\/\/artapharma.pl\/wp-content\/uploads\/2026\/04\/Zrzut-ekranu-2026-04-02-142658-300x272.png 300w, https:\/\/artapharma.pl\/wp-content\/uploads\/2026\/04\/Zrzut-ekranu-2026-04-02-142658-13x12.png 13w\" sizes=\"auto, (max-width: 661px) 100vw, 661px\" \/><\/a><\/div><\/div><\/div><div class=\"kt-blocks-post-grid-item-inner\"><header><div class=\"kt-blocks-above-categories\"><a href=\"https:\/\/artapharma.pl\/en\/category\/aktualnosci\/\" rel=\"category tag\">News<\/a><\/div><h2 class=\"entry-title\"><a href=\"https:\/\/artapharma.pl\/en\/wspolpracujemy-z-najlepszymi-nasz-ekspert-publikuje-w-wiodacym-czasopismie-branzowym\/\">Wsp\u00f3\u0142pracujemy z najlepszymi. Nasz ekspert publikuje w wiod\u0105cym czasopi\u015bmie bran\u017cowym.<\/a><\/h2><div class=\"kt-blocks-post-top-meta\"><\/div><\/header><div class=\"entry-content\">Z przyjemno\u015bci\u0105 informujemy, \u017ce nasz Kierownik Kontroli Jako\u015bci, Mateusz Or\u0142owski, jest autorem artyku\u0142u opublikowanego w najnowszym numerze czasopisma \u201e\u015awiat Przemys\u0142u Farmaceutycznego\u201d (nr 1\/2026). Publikacja porusza zagadnienia zwi\u0105zane z interpretacj\u0105 wynik\u00f3w&#8230;<div class=\"kt-blocks-post-readmore-wrap\"><a class=\"kt-blocks-post-readmore\" href=\"https:\/\/artapharma.pl\/en\/wspolpracujemy-z-najlepszymi-nasz-ekspert-publikuje-w-wiodacym-czasopismie-branzowym\/\">Read on<span class=\"screen-reader-text\"> Wsp\u00f3\u0142pracujemy z najlepszymi. Nasz ekspert publikuje w wiod\u0105cym czasopi\u015bmie bran\u017cowym.<\/span><\/a><\/div><\/div><footer class=\"kt-blocks-post-footer\"><div class=\"kt-blocks-post-footer-left\"><\/div><div class=\"kt-blocks-post-footer-right\"><\/div><\/footer><\/div><\/div><\/article><article class=\"kt-blocks-post-grid-item post-950 post type-post status-publish format-standard has-post-thumbnail hentry category-wydarzenia\"><div class=\"kt-blocks-post-grid-item-inner-wrap kt-feat-image-align-left kt-feat-image-mobile-align-top\"><div class=\"kadence-post-image\"><div class=\"kadence-post-image-intrisic kt-image-ratio-66-67\" style=\"padding-bottom:66.67%\"><div class=\"kadence-post-image-inner-intrisic\"><a href=\"https:\/\/artapharma.pl\/en\/arta-na-targach-cphi-2025-we-frankfurcie\/\" class=\"kadence-post-image-inner-wrap\"><img loading=\"lazy\" decoding=\"async\" width=\"1024\" height=\"628\" src=\"https:\/\/artapharma.pl\/wp-content\/uploads\/2025\/11\/csm_CPHI_Frankfurt2025_ea18f1e65a-1024x628.webp\" class=\"attachment-large size-large wp-post-image\" alt=\"\" srcset=\"https:\/\/artapharma.pl\/wp-content\/uploads\/2025\/11\/csm_CPHI_Frankfurt2025_ea18f1e65a-1024x628.webp 1024w, https:\/\/artapharma.pl\/wp-content\/uploads\/2025\/11\/csm_CPHI_Frankfurt2025_ea18f1e65a-300x184.webp 300w, https:\/\/artapharma.pl\/wp-content\/uploads\/2025\/11\/csm_CPHI_Frankfurt2025_ea18f1e65a-768x471.webp 768w, https:\/\/artapharma.pl\/wp-content\/uploads\/2025\/11\/csm_CPHI_Frankfurt2025_ea18f1e65a-18x12.webp 18w, https:\/\/artapharma.pl\/wp-content\/uploads\/2025\/11\/csm_CPHI_Frankfurt2025_ea18f1e65a.webp 1289w\" sizes=\"auto, (max-width: 1024px) 100vw, 1024px\" \/><\/a><\/div><\/div><\/div><div class=\"kt-blocks-post-grid-item-inner\"><header><div class=\"kt-blocks-above-categories\"><a href=\"https:\/\/artapharma.pl\/en\/category\/wydarzenia\/\" rel=\"category tag\">Origin<\/a><\/div><h2 class=\"entry-title\"><a href=\"https:\/\/artapharma.pl\/en\/arta-na-targach-cphi-2025-we-frankfurcie\/\">ARTA na targach CPhI 2025 we Frankfurcie<\/a><\/h2><div class=\"kt-blocks-post-top-meta\"><\/div><\/header><div class=\"entry-content\">Z rado\u015bci\u0105 informujemy, \u017ce przedstawiciele Arta uczestniczyli w tegorocznych targach CPhI 2025 we Frankfurcie \u2013 jednym z najwa\u017cniejszych wydarze\u0144 dla bran\u017cy farmaceutycznej oraz producent\u00f3w kontraktowych wyrob\u00f3w medycznych i suplement\u00f3w diety&#8230;<div class=\"kt-blocks-post-readmore-wrap\"><a class=\"kt-blocks-post-readmore\" href=\"https:\/\/artapharma.pl\/en\/arta-na-targach-cphi-2025-we-frankfurcie\/\">Read on<span class=\"screen-reader-text\"> ARTA na targach CPhI 2025 we Frankfurcie<\/span><\/a><\/div><\/div><footer class=\"kt-blocks-post-footer\"><div class=\"kt-blocks-post-footer-left\"><\/div><div class=\"kt-blocks-post-footer-right\"><\/div><\/footer><\/div><\/div><\/article><article class=\"kt-blocks-post-grid-item post-945 post type-post status-publish format-standard has-post-thumbnail hentry category-wydarzenia\"><div class=\"kt-blocks-post-grid-item-inner-wrap kt-feat-image-align-left kt-feat-image-mobile-align-top\"><div class=\"kadence-post-image\"><div class=\"kadence-post-image-intrisic kt-image-ratio-66-67\" style=\"padding-bottom:66.67%\"><div class=\"kadence-post-image-inner-intrisic\"><a href=\"https:\/\/artapharma.pl\/en\/nasz-udzial-w-pci-days-2025-w-warszawie\/\" class=\"kadence-post-image-inner-wrap\"><img loading=\"lazy\" decoding=\"async\" width=\"700\" height=\"450\" src=\"https:\/\/artapharma.pl\/wp-content\/uploads\/2025\/07\/PCI-2025-700x450-1.png\" class=\"attachment-large size-large wp-post-image\" alt=\"\" srcset=\"https:\/\/artapharma.pl\/wp-content\/uploads\/2025\/07\/PCI-2025-700x450-1.png 700w, https:\/\/artapharma.pl\/wp-content\/uploads\/2025\/07\/PCI-2025-700x450-1-300x193.png 300w, https:\/\/artapharma.pl\/wp-content\/uploads\/2025\/07\/PCI-2025-700x450-1-18x12.png 18w\" sizes=\"auto, (max-width: 700px) 100vw, 700px\" \/><\/a><\/div><\/div><\/div><div class=\"kt-blocks-post-grid-item-inner\"><header><div class=\"kt-blocks-above-categories\"><a href=\"https:\/\/artapharma.pl\/en\/category\/wydarzenia\/\" rel=\"category tag\">Origin<\/a><\/div><h2 class=\"entry-title\"><a href=\"https:\/\/artapharma.pl\/en\/nasz-udzial-w-pci-days-2025-w-warszawie\/\">Our participation in PCI Days 2025 in Warsaw<\/a><\/h2><div class=\"kt-blocks-post-top-meta\"><\/div><\/header><div class=\"entry-content\">In June 2025, we took part in PCI Days in Warsaw \u2013 one of the most important B2B events for the pharmaceutical and cosmetics sectors in Poland. As a contract manufacturer of medical devices and\u2026<div class=\"kt-blocks-post-readmore-wrap\"><a class=\"kt-blocks-post-readmore\" href=\"https:\/\/artapharma.pl\/en\/nasz-udzial-w-pci-days-2025-w-warszawie\/\">Read on<span class=\"screen-reader-text\"> Our participation in PCI Days 2025 in Warsaw<\/span><\/a><\/div><\/div><footer class=\"kt-blocks-post-footer\"><div class=\"kt-blocks-post-footer-left\"><\/div><div class=\"kt-blocks-post-footer-right\"><\/div><\/footer><\/div><\/div><\/article><article class=\"kt-blocks-post-grid-item post-941 post type-post status-publish format-standard has-post-thumbnail hentry category-produkty\"><div class=\"kt-blocks-post-grid-item-inner-wrap kt-feat-image-align-left kt-feat-image-mobile-align-top\"><div class=\"kadence-post-image\"><div class=\"kadence-post-image-intrisic kt-image-ratio-66-67\" style=\"padding-bottom:66.67%\"><div class=\"kadence-post-image-inner-intrisic\"><a href=\"https:\/\/artapharma.pl\/en\/nowosc-w-naszej-ofercie-produkcja-kontraktowa-synbiotyku\/\" class=\"kadence-post-image-inner-wrap\"><img loading=\"lazy\" decoding=\"async\" width=\"800\" height=\"800\" src=\"https:\/\/artapharma.pl\/wp-content\/uploads\/2025\/07\/38empty-hpmc-capsules-08.webp\" class=\"attachment-large size-large wp-post-image\" alt=\"\" srcset=\"https:\/\/artapharma.pl\/wp-content\/uploads\/2025\/07\/38empty-hpmc-capsules-08.webp 800w, https:\/\/artapharma.pl\/wp-content\/uploads\/2025\/07\/38empty-hpmc-capsules-08-300x300.webp 300w, https:\/\/artapharma.pl\/wp-content\/uploads\/2025\/07\/38empty-hpmc-capsules-08-150x150.webp 150w, https:\/\/artapharma.pl\/wp-content\/uploads\/2025\/07\/38empty-hpmc-capsules-08-768x768.webp 768w, https:\/\/artapharma.pl\/wp-content\/uploads\/2025\/07\/38empty-hpmc-capsules-08-12x12.webp 12w\" sizes=\"auto, (max-width: 800px) 100vw, 800px\" \/><\/a><\/div><\/div><\/div><div class=\"kt-blocks-post-grid-item-inner\"><header><div class=\"kt-blocks-above-categories\"><a href=\"https:\/\/artapharma.pl\/en\/category\/produkty\/\" rel=\"category tag\">Product<\/a><\/div><h2 class=\"entry-title\"><a href=\"https:\/\/artapharma.pl\/en\/nowosc-w-naszej-ofercie-produkcja-kontraktowa-synbiotyku\/\">A new addition to our offer \u2013 contract manufacturing of synbiotics!<\/a><\/h2><div class=\"kt-blocks-post-top-meta\"><\/div><\/header><div class=\"entry-content\">We are proud to announce that our production facility has successfully completed another contract manufacturing project in the field of dietary supplements. This time, we have launched the production of a formulation combining two well-researched probiotic strains and a prebiotic...<div class=\"kt-blocks-post-readmore-wrap\"><a class=\"kt-blocks-post-readmore\" href=\"https:\/\/artapharma.pl\/en\/nowosc-w-naszej-ofercie-produkcja-kontraktowa-synbiotyku\/\">Read on<span class=\"screen-reader-text\"> A new addition to our offer \u2013 contract manufacturing of synbiotics!<\/span><\/a><\/div><\/div><footer class=\"kt-blocks-post-footer\"><div class=\"kt-blocks-post-footer-left\"><\/div><div class=\"kt-blocks-post-footer-right\"><\/div><\/footer><\/div><\/div><\/article><article class=\"kt-blocks-post-grid-item post-824 post type-post status-publish format-standard has-post-thumbnail hentry category-wydarzenia\"><div class=\"kt-blocks-post-grid-item-inner-wrap kt-feat-image-align-left kt-feat-image-mobile-align-top\"><div class=\"kadence-post-image\"><div class=\"kadence-post-image-intrisic kt-image-ratio-66-67\" style=\"padding-bottom:66.67%\"><div class=\"kadence-post-image-inner-intrisic\"><a href=\"https:\/\/artapharma.pl\/en\/udzial-w-targach-cphi-w-mediolanie-2024\/\" class=\"kadence-post-image-inner-wrap\"><img loading=\"lazy\" decoding=\"async\" width=\"1024\" height=\"512\" src=\"https:\/\/artapharma.pl\/wp-content\/uploads\/2024\/10\/pobierz-2-1024x512.png\" class=\"attachment-large size-large wp-post-image\" alt=\"\" srcset=\"https:\/\/artapharma.pl\/wp-content\/uploads\/2024\/10\/pobierz-2-1024x512.png 1024w, https:\/\/artapharma.pl\/wp-content\/uploads\/2024\/10\/pobierz-2-300x150.png 300w, https:\/\/artapharma.pl\/wp-content\/uploads\/2024\/10\/pobierz-2-768x384.png 768w, https:\/\/artapharma.pl\/wp-content\/uploads\/2024\/10\/pobierz-2-18x9.png 18w, https:\/\/artapharma.pl\/wp-content\/uploads\/2024\/10\/pobierz-2.png 1440w\" sizes=\"auto, (max-width: 1024px) 100vw, 1024px\" \/><\/a><\/div><\/div><\/div><div class=\"kt-blocks-post-grid-item-inner\"><header><div class=\"kt-blocks-above-categories\"><a href=\"https:\/\/artapharma.pl\/en\/category\/wydarzenia\/\" rel=\"category tag\">Origin<\/a><\/div><h2 class=\"entry-title\"><a href=\"https:\/\/artapharma.pl\/en\/udzial-w-targach-cphi-w-mediolanie-2024\/\">Participation in the CPHI Fair in Milan 2024<\/a><\/h2><div class=\"kt-blocks-post-top-meta\"><\/div><\/header><div class=\"entry-content\">CPHI Worldwide is one of the most important events in the pharmaceutical industry, so we couldn&#039;t miss it. This year&#039;s exhibition was held in Milan from 8 to 10 October 2024. Participation in the\u2026<div class=\"kt-blocks-post-readmore-wrap\"><a class=\"kt-blocks-post-readmore\" href=\"https:\/\/artapharma.pl\/en\/udzial-w-targach-cphi-w-mediolanie-2024\/\">Read on<span class=\"screen-reader-text\"> Participation in the CPHI Fair in Milan 2024<\/span><\/a><\/div><\/div><footer class=\"kt-blocks-post-footer\"><div class=\"kt-blocks-post-footer-left\"><\/div><div class=\"kt-blocks-post-footer-right\"><\/div><\/footer><\/div><\/div><\/article><article class=\"kt-blocks-post-grid-item post-929 post type-post status-publish format-standard has-post-thumbnail hentry category-aktualnosci\"><div class=\"kt-blocks-post-grid-item-inner-wrap kt-feat-image-align-left kt-feat-image-mobile-align-top\"><div class=\"kadence-post-image\"><div class=\"kadence-post-image-intrisic kt-image-ratio-66-67\" style=\"padding-bottom:66.67%\"><div class=\"kadence-post-image-inner-intrisic\"><a href=\"https:\/\/artapharma.pl\/en\/podpisalismy-umowe-z-jednostka-notyfikowana\/\" class=\"kadence-post-image-inner-wrap\"><img loading=\"lazy\" decoding=\"async\" width=\"1024\" height=\"683\" src=\"https:\/\/artapharma.pl\/wp-content\/uploads\/2024\/11\/zawarcie-rozwi-zanie-umowy-oc-1024x683.jpg\" class=\"attachment-large size-large wp-post-image\" alt=\"\" srcset=\"https:\/\/artapharma.pl\/wp-content\/uploads\/2024\/11\/zawarcie-rozwi-zanie-umowy-oc-1024x683.jpg 1024w, https:\/\/artapharma.pl\/wp-content\/uploads\/2024\/11\/zawarcie-rozwi-zanie-umowy-oc-300x200.jpg 300w, https:\/\/artapharma.pl\/wp-content\/uploads\/2024\/11\/zawarcie-rozwi-zanie-umowy-oc-768x512.jpg 768w, https:\/\/artapharma.pl\/wp-content\/uploads\/2024\/11\/zawarcie-rozwi-zanie-umowy-oc-18x12.jpg 18w, https:\/\/artapharma.pl\/wp-content\/uploads\/2024\/11\/zawarcie-rozwi-zanie-umowy-oc.jpg 1200w\" sizes=\"auto, (max-width: 1024px) 100vw, 1024px\" \/><\/a><\/div><\/div><\/div><div class=\"kt-blocks-post-grid-item-inner\"><header><div class=\"kt-blocks-above-categories\"><a href=\"https:\/\/artapharma.pl\/en\/category\/aktualnosci\/\" rel=\"category tag\">News<\/a><\/div><h2 class=\"entry-title\"><a href=\"https:\/\/artapharma.pl\/en\/podpisalismy-umowe-z-jednostka-notyfikowana\/\">Contract with the authorized body!<\/a><\/h2><div class=\"kt-blocks-post-top-meta\"><\/div><\/header><div class=\"entry-content\">We are pleased to announce that together with our partners, we have taken the necessary steps to conclude a contract with the authorized body, which will provide us with the opportunity to produce medical devices under the client&#039;s own trademark. This\u2026<div class=\"kt-blocks-post-readmore-wrap\"><a class=\"kt-blocks-post-readmore\" href=\"https:\/\/artapharma.pl\/en\/podpisalismy-umowe-z-jednostka-notyfikowana\/\">Read on<span class=\"screen-reader-text\"> Contract with the authorized body!<\/span><\/a><\/div><\/div><footer class=\"kt-blocks-post-footer\"><div class=\"kt-blocks-post-footer-left\"><\/div><div class=\"kt-blocks-post-footer-right\"><\/div><\/footer><\/div><\/div><\/article><article class=\"kt-blocks-post-grid-item post-858 post type-post status-publish format-standard has-post-thumbnail hentry category-produkty\"><div class=\"kt-blocks-post-grid-item-inner-wrap kt-feat-image-align-left kt-feat-image-mobile-align-top\"><div class=\"kadence-post-image\"><div class=\"kadence-post-image-intrisic kt-image-ratio-66-67\" style=\"padding-bottom:66.67%\"><div class=\"kadence-post-image-inner-intrisic\"><a href=\"https:\/\/artapharma.pl\/en\/nowosc-w-arta-witamina-c-100-mg-ml-krople\/\" class=\"kadence-post-image-inner-wrap\"><img loading=\"lazy\" decoding=\"async\" width=\"1024\" height=\"683\" src=\"https:\/\/artapharma.pl\/wp-content\/uploads\/2024\/09\/IMG_5813-1024x683.jpg\" class=\"attachment-large size-large wp-post-image\" alt=\"\" srcset=\"https:\/\/artapharma.pl\/wp-content\/uploads\/2024\/09\/IMG_5813-1024x683.jpg 1024w, https:\/\/artapharma.pl\/wp-content\/uploads\/2024\/09\/IMG_5813-300x200.jpg 300w, https:\/\/artapharma.pl\/wp-content\/uploads\/2024\/09\/IMG_5813-768x512.jpg 768w, https:\/\/artapharma.pl\/wp-content\/uploads\/2024\/09\/IMG_5813-1536x1024.jpg 1536w, https:\/\/artapharma.pl\/wp-content\/uploads\/2024\/09\/IMG_5813-2048x1365.jpg 2048w, https:\/\/artapharma.pl\/wp-content\/uploads\/2024\/09\/IMG_5813-18x12.jpg 18w\" sizes=\"auto, (max-width: 1024px) 100vw, 1024px\" \/><\/a><\/div><\/div><\/div><div class=\"kt-blocks-post-grid-item-inner\"><header><div class=\"kt-blocks-above-categories\"><a href=\"https:\/\/artapharma.pl\/en\/category\/produkty\/\" rel=\"category tag\">Product<\/a><\/div><h2 class=\"entry-title\"><a href=\"https:\/\/artapharma.pl\/en\/nowosc-w-arta-witamina-c-100-mg-ml-krople\/\">New in Arta! Vitamin C 100 mg \/ ml, drops<\/a><\/h2><div class=\"kt-blocks-post-top-meta\"><\/div><\/header><div class=\"entry-content\">We are pleased to present a new product \u2013 vitamin C 100 mg \/ ml, 40 ml, in drops! This is a dietary supplement that is perfect for people who want to support their immune system\u2026<div class=\"kt-blocks-post-readmore-wrap\"><a class=\"kt-blocks-post-readmore\" href=\"https:\/\/artapharma.pl\/en\/nowosc-w-arta-witamina-c-100-mg-ml-krople\/\">Read on<span class=\"screen-reader-text\"> New in Arta! Vitamin C 100 mg \/ ml, drops<\/span><\/a><\/div><\/div><footer class=\"kt-blocks-post-footer\"><div class=\"kt-blocks-post-footer-left\"><\/div><div class=\"kt-blocks-post-footer-right\"><\/div><\/footer><\/div><\/div><\/article><\/div><\/div><!-- .wp-block-kadence-postgrid -->","protected":false},"excerpt":{"rendered":"","protected":false},"author":2,"featured_media":45,"parent":0,"menu_order":0,"comment_status":"closed","ping_status":"closed","template":"","meta":{"_kad_blocks_custom_css":"","_kad_blocks_head_custom_js":"","_kad_blocks_body_custom_js":"","_kad_blocks_footer_custom_js":"","_kad_post_transparent":"","_kad_post_title":"","_kad_post_layout":"","_kad_post_sidebar_id":"","_kad_post_content_style":"","_kad_post_vertical_padding":"","_kad_post_feature":"","_kad_post_feature_position":"","_kad_post_header":false,"_kad_post_footer":false,"_kad_post_classname":"","footnotes":""},"class_list":["post-25","page","type-page","status-publish","has-post-thumbnail","hentry"],"taxonomy_info":[],"featured_image_src_large":["https:\/\/artapharma.pl\/wp-content\/uploads\/2023\/08\/butelki-medycyny-i-tabletek-na-drewniane-biurko-11-1024x476.png",1024,476,true],"author_info":{"display_name":"Przemek","author_link":"https:\/\/artapharma.pl\/en\/author\/przemek\/"},"comment_info":0,"_links":{"self":[{"href":"https:\/\/artapharma.pl\/en\/wp-json\/wp\/v2\/pages\/25","targetHints":{"allow":["GET"]}}],"collection":[{"href":"https:\/\/artapharma.pl\/en\/wp-json\/wp\/v2\/pages"}],"about":[{"href":"https:\/\/artapharma.pl\/en\/wp-json\/wp\/v2\/types\/page"}],"author":[{"embeddable":true,"href":"https:\/\/artapharma.pl\/en\/wp-json\/wp\/v2\/users\/2"}],"replies":[{"embeddable":true,"href":"https:\/\/artapharma.pl\/en\/wp-json\/wp\/v2\/comments?post=25"}],"version-history":[{"count":21,"href":"https:\/\/artapharma.pl\/en\/wp-json\/wp\/v2\/pages\/25\/revisions"}],"predecessor-version":[{"id":949,"href":"https:\/\/artapharma.pl\/en\/wp-json\/wp\/v2\/pages\/25\/revisions\/949"}],"wp:featuredmedia":[{"embeddable":true,"href":"https:\/\/artapharma.pl\/en\/wp-json\/wp\/v2\/media\/45"}],"wp:attachment":[{"href":"https:\/\/artapharma.pl\/en\/wp-json\/wp\/v2\/media?parent=25"}],"curies":[{"name":"wp","href":"https:\/\/api.w.org\/{rel}","templated":true}]}}