{"id":21,"date":"2023-08-16T09:33:24","date_gmt":"2023-08-16T07:33:24","guid":{"rendered":"http:\/\/arta.dkonto.pl\/?page_id=21"},"modified":"2024-10-17T12:14:51","modified_gmt":"2024-10-17T10:14:51","slug":"kontrola-jakosci","status":"publish","type":"page","link":"https:\/\/artapharma.pl\/en\/kontrola-jakosci\/","title":{"rendered":"Quality Control"},"content":{"rendered":"<style>.kb-row-layout-id21_4e8cac-0b > .kt-row-column-wrap{align-content:start;}:where(.kb-row-layout-id21_4e8cac-0b > .kt-row-column-wrap) > .wp-block-kadence-column{justify-content:start;}.kb-row-layout-id21_4e8cac-0b > .kt-row-column-wrap{column-gap:var(--global-kb-gap-md, 2rem);row-gap:var(--global-kb-gap-md, 2rem);padding-top:var(--global-kb-spacing-sm, 1.5rem);padding-bottom:var(--global-kb-spacing-sm, 1.5rem);grid-template-columns:minmax(0, calc(60% - ((var(--global-kb-gap-md, 2rem) * 1 )\/2)))minmax(0, calc(40% - ((var(--global-kb-gap-md, 2rem) * 1 )\/2)));}.kb-row-layout-id21_4e8cac-0b > .kt-row-layout-overlay{opacity:0.30;}@media all and (max-width: 1024px){.kb-row-layout-id21_4e8cac-0b > .kt-row-column-wrap{grid-template-columns:repeat(2, minmax(0, 1fr));}}@media all and (max-width: 767px){.kb-row-layout-id21_4e8cac-0b > .kt-row-column-wrap{grid-template-columns:minmax(0, 1fr);}}<\/style><div class=\"kb-row-layout-wrap kb-row-layout-id21_4e8cac-0b alignnone wp-block-kadence-rowlayout\"><div class=\"kt-row-column-wrap kt-has-2-columns kt-row-layout-equal kt-tab-layout-inherit kt-mobile-layout-row kt-row-valign-top\">\n<style>.kadence-column21_cd75c8-54 > .kt-inside-inner-col,.kadence-column21_cd75c8-54 > .kt-inside-inner-col:before{border-top-left-radius:0px;border-top-right-radius:0px;border-bottom-right-radius:0px;border-bottom-left-radius:0px;}.kadence-column21_cd75c8-54 > .kt-inside-inner-col{column-gap:var(--global-kb-gap-sm, 1rem);}.kadence-column21_cd75c8-54 > .kt-inside-inner-col{flex-direction:column;}.kadence-column21_cd75c8-54 > .kt-inside-inner-col > .aligncenter{width:100%;}.kadence-column21_cd75c8-54 > .kt-inside-inner-col:before{opacity:0.3;}.kadence-column21_cd75c8-54{position:relative;}@media all and (max-width: 1024px){.kadence-column21_cd75c8-54 > .kt-inside-inner-col{flex-direction:column;justify-content:center;}}@media all and (max-width: 767px){.kadence-column21_cd75c8-54 > .kt-inside-inner-col{flex-direction:column;justify-content:center;}}<\/style>\n<div class=\"wp-block-kadence-column kadence-column21_cd75c8-54\"><div class=\"kt-inside-inner-col\">\n<p>We are aware of how important it is for patient safety to maintain the highest quality standards at each manufacturing stage. Therefore, we perform quality control of the manufacturing environment and products on the basis of the current requirements of the European Pharmacopoeia and the customer's requirements, always acting in accordance with the principles of Good Manufacturing Practice (GMP).&nbsp;<\/p>\n\n\n\n<p><p>In the laboratory we perform, among other things, the following tests: assay, purity and identity using instrumental techniques such as:<\/p>\n<ul>\n\t<li><span style=\"font-family: var(--global-body-font-family);\">liquid chromatography (HPLC), <\/span><\/li>\n\t<li><span style=\"font-family: var(--global-body-font-family);\">thin-layer chromatography (TLC),<\/span><\/li>\n\t<li><span style=\"font-family: var(--global-body-font-family);\">UV-VIS spectrophotometry, <\/span><\/li>\n\t<li><span style=\"font-family: var(--global-body-font-family);\">potentiometric titration.<\/span><\/li>\n<\/ul><\/p>\n\n\n\n<p><strong>We also offer physical and chemical tests such as pH, density and melting point measurements.<\/strong><\/p>\n<\/div><\/div>\n\n\n<style>.kadence-column21_adbb69-41 > .kt-inside-inner-col,.kadence-column21_adbb69-41 > .kt-inside-inner-col:before{border-top-left-radius:0px;border-top-right-radius:0px;border-bottom-right-radius:0px;border-bottom-left-radius:0px;}.kadence-column21_adbb69-41 > .kt-inside-inner-col{column-gap:var(--global-kb-gap-sm, 1rem);}.kadence-column21_adbb69-41 > .kt-inside-inner-col{flex-direction:column;}.kadence-column21_adbb69-41 > .kt-inside-inner-col > .aligncenter{width:100%;}.kadence-column21_adbb69-41 > .kt-inside-inner-col:before{opacity:0.3;}.kadence-column21_adbb69-41{position:relative;}@media all and (max-width: 1024px){.kadence-column21_adbb69-41 > .kt-inside-inner-col{flex-direction:column;justify-content:center;}}@media all and (max-width: 767px){.kadence-column21_adbb69-41 > .kt-inside-inner-col{flex-direction:column;justify-content:center;}}<\/style>\n<div class=\"wp-block-kadence-column kadence-column21_adbb69-41\"><div class=\"kt-inside-inner-col\"><style>.kb-image21_115e7f-a3 .kb-image-has-overlay:after{opacity:0.3;}<\/style>\n<figure class=\"wp-block-kadence-image kb-image21_115e7f-a3 size-full\"><img loading=\"lazy\" decoding=\"async\" width=\"750\" height=\"1000\" src=\"https:\/\/artapharma.pl\/wp-content\/uploads\/2023\/11\/zdjecie-kontrola-jakosci.jpg\" alt=\"\" class=\"kb-img wp-image-637\" srcset=\"https:\/\/artapharma.pl\/wp-content\/uploads\/2023\/11\/zdjecie-kontrola-jakosci.jpg 750w, https:\/\/artapharma.pl\/wp-content\/uploads\/2023\/11\/zdjecie-kontrola-jakosci-225x300.jpg 225w\" sizes=\"auto, (max-width: 750px) 100vw, 750px\" \/><\/figure>\n<\/div><\/div>\n\n<\/div><\/div>","protected":false},"excerpt":{"rendered":"<p>Naszym celem jest dostarczenie najwy\u017cszej jako\u015bci produkt\u00f3w i us\u0142ug. Mamy \u015bwiadomo\u015b\u0107 jak wa\u017cne dla bezpiecze\u0144stwa pacjent\u00f3w jest zachowanie najwy\u017cszych standard\u00f3w jako\u015bci na ka\u017cdym etapie produkcji, dlatego kontrol\u0119 jako\u015bci \u015brodowiska produkcji i wyrob\u00f3w wykonujemy na podstawie aktualnych wymaga\u0144 Farmakopei Europejskiej oraz wymaga\u0144 Klienta, zawsze dzia\u0142aj\u0105c w zgodzie z zasadami Dobrej Praktyki Wytwarzania (GMP). Nowoczesne zaplecze laboratoryjne&#8230;<\/p>","protected":false},"author":2,"featured_media":45,"parent":0,"menu_order":0,"comment_status":"closed","ping_status":"closed","template":"","meta":{"_kad_blocks_custom_css":"","_kad_blocks_head_custom_js":"","_kad_blocks_body_custom_js":"","_kad_blocks_footer_custom_js":"","_kad_post_transparent":"default","_kad_post_title":"default","_kad_post_layout":"default","_kad_post_sidebar_id":"","_kad_post_content_style":"default","_kad_post_vertical_padding":"default","_kad_post_feature":"","_kad_post_feature_position":"","_kad_post_header":false,"_kad_post_footer":false,"_kad_post_classname":"","footnotes":""},"class_list":["post-21","page","type-page","status-publish","has-post-thumbnail","hentry"],"taxonomy_info":[],"featured_image_src_large":["https:\/\/artapharma.pl\/wp-content\/uploads\/2023\/08\/butelki-medycyny-i-tabletek-na-drewniane-biurko-11-1024x476.png",1024,476,true],"author_info":{"display_name":"Przemek","author_link":"https:\/\/artapharma.pl\/en\/author\/przemek\/"},"comment_info":0,"_links":{"self":[{"href":"https:\/\/artapharma.pl\/en\/wp-json\/wp\/v2\/pages\/21","targetHints":{"allow":["GET"]}}],"collection":[{"href":"https:\/\/artapharma.pl\/en\/wp-json\/wp\/v2\/pages"}],"about":[{"href":"https:\/\/artapharma.pl\/en\/wp-json\/wp\/v2\/types\/page"}],"author":[{"embeddable":true,"href":"https:\/\/artapharma.pl\/en\/wp-json\/wp\/v2\/users\/2"}],"replies":[{"embeddable":true,"href":"https:\/\/artapharma.pl\/en\/wp-json\/wp\/v2\/comments?post=21"}],"version-history":[{"count":8,"href":"https:\/\/artapharma.pl\/en\/wp-json\/wp\/v2\/pages\/21\/revisions"}],"predecessor-version":[{"id":864,"href":"https:\/\/artapharma.pl\/en\/wp-json\/wp\/v2\/pages\/21\/revisions\/864"}],"wp:featuredmedia":[{"embeddable":true,"href":"https:\/\/artapharma.pl\/en\/wp-json\/wp\/v2\/media\/45"}],"wp:attachment":[{"href":"https:\/\/artapharma.pl\/en\/wp-json\/wp\/v2\/media?parent=21"}],"curies":[{"name":"wp","href":"https:\/\/api.w.org\/{rel}","templated":true}]}}