{"id":19,"date":"2023-08-16T09:33:02","date_gmt":"2023-08-16T07:33:02","guid":{"rendered":"http:\/\/arta.dkonto.pl\/?page_id=19"},"modified":"2024-10-17T12:19:02","modified_gmt":"2024-10-17T10:19:02","slug":"badania-i-rozwoj","status":"publish","type":"page","link":"https:\/\/artapharma.pl\/en\/badania-i-rozwoj\/","title":{"rendered":"R&amp;D"},"content":{"rendered":"<style>.kb-row-layout-id19_3469ca-be > .kt-row-column-wrap{align-content:start;}:where(.kb-row-layout-id19_3469ca-be > .kt-row-column-wrap) > .wp-block-kadence-column{justify-content:start;}.kb-row-layout-id19_3469ca-be > .kt-row-column-wrap{column-gap:var(--global-kb-gap-lg, 4rem);row-gap:var(--global-kb-gap-md, 2rem);padding-top:var(--global-kb-spacing-sm, 1.5rem);padding-bottom:var(--global-kb-spacing-sm, 1.5rem);grid-template-columns:minmax(0, calc(60% - ((var(--global-kb-gap-lg, 4rem) * 1 )\/2)))minmax(0, calc(40% - ((var(--global-kb-gap-lg, 4rem) * 1 )\/2)));}.kb-row-layout-id19_3469ca-be > .kt-row-layout-overlay{opacity:0.30;}@media all and (max-width: 1024px){.kb-row-layout-id19_3469ca-be > .kt-row-column-wrap{grid-template-columns:repeat(2, minmax(0, 1fr));}}@media all and (max-width: 767px){.kb-row-layout-id19_3469ca-be > .kt-row-column-wrap{grid-template-columns:minmax(0, 1fr);}}<\/style><div class=\"kb-row-layout-wrap kb-row-layout-id19_3469ca-be alignnone wp-block-kadence-rowlayout\"><div class=\"kt-row-column-wrap kt-has-2-columns kt-row-layout-equal kt-tab-layout-inherit kt-mobile-layout-row kt-row-valign-top\">\r\n<style>.kadence-column19_e2c4df-d6 > .kt-inside-inner-col,.kadence-column19_e2c4df-d6 > .kt-inside-inner-col:before{border-top-left-radius:0px;border-top-right-radius:0px;border-bottom-right-radius:0px;border-bottom-left-radius:0px;}.kadence-column19_e2c4df-d6 > .kt-inside-inner-col{column-gap:var(--global-kb-gap-sm, 1rem);}.kadence-column19_e2c4df-d6 > .kt-inside-inner-col{flex-direction:column;}.kadence-column19_e2c4df-d6 > .kt-inside-inner-col > .aligncenter{width:100%;}.kadence-column19_e2c4df-d6 > .kt-inside-inner-col:before{opacity:0.3;}.kadence-column19_e2c4df-d6{position:relative;}@media all and (max-width: 1024px){.kadence-column19_e2c4df-d6 > .kt-inside-inner-col{flex-direction:column;justify-content:center;}}@media all and (max-width: 767px){.kadence-column19_e2c4df-d6 > .kt-inside-inner-col{flex-direction:column;justify-content:center;}}<\/style>\r\n<div class=\"wp-block-kadence-column kadence-column19_e2c4df-d6\">\r\n<div class=\"kt-inside-inner-col\"><style>.wp-block-kadence-advancedheading.kt-adv-heading19_5a02a4-7c, .wp-block-kadence-advancedheading.kt-adv-heading19_5a02a4-7c[data-kb-block=\"kb-adv-heading19_5a02a4-7c\"]{font-style:normal;}.wp-block-kadence-advancedheading.kt-adv-heading19_5a02a4-7c mark.kt-highlight, .wp-block-kadence-advancedheading.kt-adv-heading19_5a02a4-7c[data-kb-block=\"kb-adv-heading19_5a02a4-7c\"] mark.kt-highlight{font-style:normal;color:#f76a0c;-webkit-box-decoration-break:clone;box-decoration-break:clone;padding-top:0px;padding-right:0px;padding-bottom:0px;padding-left:0px;}.wp-block-kadence-advancedheading.kt-adv-heading19_5a02a4-7c img.kb-inline-image, .wp-block-kadence-advancedheading.kt-adv-heading19_5a02a4-7c[data-kb-block=\"kb-adv-heading19_5a02a4-7c\"] img.kb-inline-image{width:150px;vertical-align:baseline;}<\/style>\r\n<div class=\"kb-adv-heading-wrap19_5a02a4-7c kadence-advanced-heading-wrapper kadence-heading-clip-animation\">\r\n<h2 class=\"kt-adv-heading19_5a02a4-7c wp-block-kadence-advancedheading\" data-kb-block=\"kb-adv-heading19_5a02a4-7c\" data-aos=\"reveal-down\" data-aos-duration=\"1000\">Badania i rozw\u00f3j<\/h2>\r\n<\/div>\r\n\r\n\r\n<p>Nasza wykwalifikowana kadra podejmuje, we wsp\u00f3\u0142pracy z Klientem, dzia\u0142ania maj\u0105ce na celu skuteczne i szybkie wdro\u017cenie produkt\u00f3w wytwarzanych na zlecenie. Podstawowym celem prac badawczo-rozwojowych jest usprawnienie technologii Klienta w ramach oferowanej produkcji kontraktowej. W tym zakresie oferujemy nast\u0119puj\u0105ce us\u0142ugi:<\/p>\r\n<ul>\r\n\t<li><span style=\"font-family: var(--global-body-font-family);\">optymalizacj\u0119 technologii wytwarzania oferowanych form farmaceutycznych,<\/span><\/li>\r\n\t<li><span style=\"font-family: var(--global-body-font-family);\">wyznaczenie parametr\u00f3w krytycznych procesu,<\/span><\/li>\r\n\t<li><span style=\"font-family: var(--global-body-font-family);\">doradztwo w zakresie modyfikacji sk\u0142adu produkt\u00f3w,<\/span><\/li>\r\n\t<li><span style=\"font-family: var(--global-body-font-family);\">przeprowadzenie pr\u00f3b pilota\u017cowych i ocen\u0119 ich wynik\u00f3w.<\/span><\/li>\r\n<\/ul>\r\n\r\n\r\n<p><strong>Oferujemy r\u00f3wnie\u017c wytwarzanie serii rejestracyjnych produkt\u00f3w leczniczych.<\/strong><\/p>\r\n<\/div>\r\n<\/div>\r\n\r\n<style>.kadence-column19_9d3717-f8 > .kt-inside-inner-col,.kadence-column19_9d3717-f8 > .kt-inside-inner-col:before{border-top-left-radius:0px;border-top-right-radius:0px;border-bottom-right-radius:0px;border-bottom-left-radius:0px;}.kadence-column19_9d3717-f8 > .kt-inside-inner-col{column-gap:var(--global-kb-gap-sm, 1rem);}.kadence-column19_9d3717-f8 > .kt-inside-inner-col{flex-direction:column;}.kadence-column19_9d3717-f8 > .kt-inside-inner-col > .aligncenter{width:100%;}.kadence-column19_9d3717-f8 > .kt-inside-inner-col:before{opacity:0.3;}.kadence-column19_9d3717-f8{position:relative;}@media all and (max-width: 1024px){.kadence-column19_9d3717-f8 > .kt-inside-inner-col{flex-direction:column;justify-content:center;}}@media all and (max-width: 767px){.kadence-column19_9d3717-f8 > .kt-inside-inner-col{flex-direction:column;justify-content:center;}}<\/style>\r\n<div class=\"wp-block-kadence-column kadence-column19_9d3717-f8\">\r\n<div class=\"kt-inside-inner-col\"><style>.kb-image19_94c117-3e .kb-image-has-overlay:after{opacity:0.3;}<\/style>\r\n<figure class=\"wp-block-kadence-image kb-image19_94c117-3e size-full\" data-aos=\"fade\" data-aos-duration=\"1000\"><img loading=\"lazy\" decoding=\"async\" width=\"414\" height=\"511\" class=\"kb-img wp-image-284\" src=\"https:\/\/artapharma.pl\/wp-content\/uploads\/2023\/08\/lekarz-w-pracy-1.png\" alt=\"\" srcset=\"https:\/\/artapharma.pl\/wp-content\/uploads\/2023\/08\/lekarz-w-pracy-1.png 414w, https:\/\/artapharma.pl\/wp-content\/uploads\/2023\/08\/lekarz-w-pracy-1-243x300.png 243w\" sizes=\"auto, (max-width: 414px) 100vw, 414px\" \/><\/figure>\r\n<\/div>\r\n<\/div>\r\n<\/div><\/div>","protected":false},"excerpt":{"rendered":"<p>Badania i rozw\u00f3j Nasza wykwalifikowana kadra podejmuje, we wsp\u00f3\u0142pracy z Klientem, dzia\u0142ania maj\u0105ce na celu skuteczne i szybkie wdro\u017cenie produkt\u00f3w wytwarzanych na zlecenie. Podstawowym celem prac badawczo-rozwojowych jest usprawnienie technologii Klienta w ramach oferowanej produkcji kontraktowej. W tym zakresie oferujemy nast\u0119puj\u0105ce us\u0142ugi: optymalizacj\u0119 technologii wytwarzania oferowanych form farmaceutycznych, wyznaczenie parametr\u00f3w krytycznych procesu, doradztwo w zakresie&#8230;<\/p>","protected":false},"author":2,"featured_media":45,"parent":0,"menu_order":0,"comment_status":"closed","ping_status":"closed","template":"","meta":{"_kad_blocks_custom_css":"","_kad_blocks_head_custom_js":"","_kad_blocks_body_custom_js":"","_kad_blocks_footer_custom_js":"","_kad_post_transparent":"default","_kad_post_title":"default","_kad_post_layout":"default","_kad_post_sidebar_id":"","_kad_post_content_style":"default","_kad_post_vertical_padding":"default","_kad_post_feature":"","_kad_post_feature_position":"","_kad_post_header":false,"_kad_post_footer":false,"_kad_post_classname":"","footnotes":""},"class_list":["post-19","page","type-page","status-publish","has-post-thumbnail","hentry"],"taxonomy_info":[],"featured_image_src_large":["https:\/\/artapharma.pl\/wp-content\/uploads\/2023\/08\/butelki-medycyny-i-tabletek-na-drewniane-biurko-11-1024x476.png",1024,476,true],"author_info":{"display_name":"Przemek","author_link":"https:\/\/artapharma.pl\/en\/author\/przemek\/"},"comment_info":0,"_links":{"self":[{"href":"https:\/\/artapharma.pl\/en\/wp-json\/wp\/v2\/pages\/19","targetHints":{"allow":["GET"]}}],"collection":[{"href":"https:\/\/artapharma.pl\/en\/wp-json\/wp\/v2\/pages"}],"about":[{"href":"https:\/\/artapharma.pl\/en\/wp-json\/wp\/v2\/types\/page"}],"author":[{"embeddable":true,"href":"https:\/\/artapharma.pl\/en\/wp-json\/wp\/v2\/users\/2"}],"replies":[{"embeddable":true,"href":"https:\/\/artapharma.pl\/en\/wp-json\/wp\/v2\/comments?post=19"}],"version-history":[{"count":46,"href":"https:\/\/artapharma.pl\/en\/wp-json\/wp\/v2\/pages\/19\/revisions"}],"predecessor-version":[{"id":866,"href":"https:\/\/artapharma.pl\/en\/wp-json\/wp\/v2\/pages\/19\/revisions\/866"}],"wp:featuredmedia":[{"embeddable":true,"href":"https:\/\/artapharma.pl\/en\/wp-json\/wp\/v2\/media\/45"}],"wp:attachment":[{"href":"https:\/\/artapharma.pl\/en\/wp-json\/wp\/v2\/media?parent=19"}],"curies":[{"name":"wp","href":"https:\/\/api.w.org\/{rel}","templated":true}]}}