{"id":17,"date":"2023-08-16T09:32:48","date_gmt":"2023-08-16T07:32:48","guid":{"rendered":"http:\/\/arta.dkonto.pl\/?page_id=17"},"modified":"2023-11-21T12:31:05","modified_gmt":"2023-11-21T11:31:05","slug":"produkcja-kontraktowa","status":"publish","type":"page","link":"https:\/\/artapharma.pl\/en\/produkcja-kontraktowa\/","title":{"rendered":"Contract manufacturing"},"content":{"rendered":"<style>.kb-row-layout-id17_b20d31-e8 > .kt-row-column-wrap{align-content:start;}:where(.kb-row-layout-id17_b20d31-e8 > .kt-row-column-wrap) > .wp-block-kadence-column{justify-content:start;}.kb-row-layout-id17_b20d31-e8 > .kt-row-column-wrap{column-gap:var(--global-kb-gap-md, 2rem);row-gap:var(--global-kb-gap-md, 2rem);padding-top:var(--global-kb-spacing-sm, 1.5rem);padding-bottom:var(--global-kb-spacing-sm, 1.5rem);grid-template-columns:minmax(0, calc(60% - ((var(--global-kb-gap-md, 2rem) * 1 )\/2)))minmax(0, calc(40% - ((var(--global-kb-gap-md, 2rem) * 1 )\/2)));}.kb-row-layout-id17_b20d31-e8 > .kt-row-layout-overlay{opacity:0.30;}@media all and (max-width: 1024px){.kb-row-layout-id17_b20d31-e8 > .kt-row-column-wrap{grid-template-columns:repeat(2, minmax(0, 1fr));}}@media all and (max-width: 767px){.kb-row-layout-id17_b20d31-e8 > .kt-row-column-wrap{grid-template-columns:minmax(0, 1fr);}}<\/style><div class=\"kb-row-layout-wrap kb-row-layout-id17_b20d31-e8 alignnone wp-block-kadence-rowlayout\"><div class=\"kt-row-column-wrap kt-has-2-columns kt-row-layout-equal kt-tab-layout-inherit kt-mobile-layout-row kt-row-valign-top\">\n<style>.kadence-column17_8eed4b-db > .kt-inside-inner-col,.kadence-column17_8eed4b-db > .kt-inside-inner-col:before{border-top-left-radius:0px;border-top-right-radius:0px;border-bottom-right-radius:0px;border-bottom-left-radius:0px;}.kadence-column17_8eed4b-db > .kt-inside-inner-col{column-gap:var(--global-kb-gap-sm, 1rem);}.kadence-column17_8eed4b-db > .kt-inside-inner-col{flex-direction:column;}.kadence-column17_8eed4b-db > .kt-inside-inner-col > .aligncenter{width:100%;}.kadence-column17_8eed4b-db > .kt-inside-inner-col:before{opacity:0.3;}.kadence-column17_8eed4b-db{position:relative;}@media all and (max-width: 1024px){.kadence-column17_8eed4b-db > .kt-inside-inner-col{flex-direction:column;justify-content:center;}}@media all and (max-width: 767px){.kadence-column17_8eed4b-db > .kt-inside-inner-col{flex-direction:column;justify-content:center;}}<\/style>\n<div class=\"wp-block-kadence-column kadence-column17_8eed4b-db\"><div class=\"kt-inside-inner-col\"><style>.wp-block-kadence-advancedheading.kt-adv-heading17_2923b8-06, .wp-block-kadence-advancedheading.kt-adv-heading17_2923b8-06[data-kb-block=\"kb-adv-heading17_2923b8-06\"]{font-style:normal;}.wp-block-kadence-advancedheading.kt-adv-heading17_2923b8-06 mark.kt-highlight, .wp-block-kadence-advancedheading.kt-adv-heading17_2923b8-06[data-kb-block=\"kb-adv-heading17_2923b8-06\"] mark.kt-highlight{font-style:normal;color:#f76a0c;-webkit-box-decoration-break:clone;box-decoration-break:clone;padding-top:0px;padding-right:0px;padding-bottom:0px;padding-left:0px;}.wp-block-kadence-advancedheading.kt-adv-heading17_2923b8-06 img.kb-inline-image, .wp-block-kadence-advancedheading.kt-adv-heading17_2923b8-06[data-kb-block=\"kb-adv-heading17_2923b8-06\"] img.kb-inline-image{width:150px;vertical-align:baseline;}<\/style>\n<div class=\"kb-adv-heading-wrap17_2923b8-06 kadence-advanced-heading-wrapper kadence-heading-clip-animation\"><h2 class=\"kt-adv-heading17_2923b8-06 wp-block-kadence-advancedheading\" data-kb-block=\"kb-adv-heading17_2923b8-06\" data-aos=\"reveal-down\" data-aos-duration=\"1000\">Zakres us\u0142ug<\/h2><\/div>\n\n\n\n<p>Jako ARTA Sp. z o.o. specjalizujemy si\u0119 w produkcji kontraktowej wyrob\u00f3w medycznych, suplement\u00f3w diety, produkt\u00f3w leczniczych i kosmetyk\u00f3w. Nasza wykwalifikowana kadra gwarantuje wsparcie na ka\u017cdym etapie rozwoju produktu poprzez optymalizacj\u0119 technologii wytwarzania czy doradztwo w zakresie sk\u0142adu wyrobu. <\/p>\n\n\n\n<p><strong>Procesy zachodz\u0105ce podczas wytwarzania spe\u0142niaj\u0105 najwy\u017csze normy jako\u015bci i bezpiecze\u0144stwa.<\/strong><\/p>\n<\/div><\/div>\n\n\n<style>.kadence-column17_107b6f-73 > .kt-inside-inner-col,.kadence-column17_107b6f-73 > .kt-inside-inner-col:before{border-top-left-radius:0px;border-top-right-radius:0px;border-bottom-right-radius:0px;border-bottom-left-radius:0px;}.kadence-column17_107b6f-73 > .kt-inside-inner-col{column-gap:var(--global-kb-gap-sm, 1rem);}.kadence-column17_107b6f-73 > .kt-inside-inner-col{flex-direction:column;}.kadence-column17_107b6f-73 > .kt-inside-inner-col > .aligncenter{width:100%;}.kadence-column17_107b6f-73 > .kt-inside-inner-col:before{opacity:0.3;}.kadence-column17_107b6f-73{position:relative;}@media all and (max-width: 1024px){.kadence-column17_107b6f-73 > .kt-inside-inner-col{flex-direction:column;justify-content:center;}}@media all and (max-width: 767px){.kadence-column17_107b6f-73 > .kt-inside-inner-col{flex-direction:column;justify-content:center;}}<\/style>\n<div class=\"wp-block-kadence-column kadence-column17_107b6f-73\"><div class=\"kt-inside-inner-col\"><style>.kb-image17_48bae6-c6 .kb-image-has-overlay:after{opacity:0.3;}<\/style>\n<figure class=\"wp-block-kadence-image kb-image17_48bae6-c6 size-full\"><img loading=\"lazy\" decoding=\"async\" width=\"1000\" height=\"750\" src=\"https:\/\/artapharma.pl\/wp-content\/uploads\/2023\/11\/zdjecie-PRODUKCJA-KONTRAKTOWA.jpg\" alt=\"\" class=\"kb-img wp-image-645\" srcset=\"https:\/\/artapharma.pl\/wp-content\/uploads\/2023\/11\/zdjecie-PRODUKCJA-KONTRAKTOWA.jpg 1000w, https:\/\/artapharma.pl\/wp-content\/uploads\/2023\/11\/zdjecie-PRODUKCJA-KONTRAKTOWA-300x225.jpg 300w, https:\/\/artapharma.pl\/wp-content\/uploads\/2023\/11\/zdjecie-PRODUKCJA-KONTRAKTOWA-768x576.jpg 768w\" sizes=\"auto, (max-width: 1000px) 100vw, 1000px\" \/><\/figure>\n<\/div><\/div>\n\n<\/div><\/div>\n\n<style>.kb-row-layout-id17_266a57-fc > .kt-row-column-wrap{align-content:start;}:where(.kb-row-layout-id17_266a57-fc > .kt-row-column-wrap) > .wp-block-kadence-column{justify-content:start;}.kb-row-layout-id17_266a57-fc > .kt-row-column-wrap{column-gap:var(--global-kb-gap-md, 2rem);row-gap:var(--global-kb-gap-md, 2rem);padding-top:var(--global-kb-spacing-xl, 4rem);padding-bottom:var(--global-kb-spacing-sm, 1.5rem);grid-template-columns:minmax(0, 1fr);}.kb-row-layout-id17_266a57-fc > .kt-row-layout-overlay{opacity:0.30;}@media all and (max-width: 1024px){.kb-row-layout-id17_266a57-fc > .kt-row-column-wrap{grid-template-columns:minmax(0, 1fr);}}@media all and (max-width: 767px){.kb-row-layout-id17_266a57-fc > .kt-row-column-wrap{grid-template-columns:minmax(0, 1fr);}}<\/style><div class=\"kb-row-layout-wrap kb-row-layout-id17_266a57-fc alignnone wp-block-kadence-rowlayout\"><div class=\"kt-row-column-wrap kt-has-1-columns kt-row-layout-equal kt-tab-layout-inherit kt-mobile-layout-row kt-row-valign-top\">\n<style>.kadence-column17_54d858-40 > .kt-inside-inner-col,.kadence-column17_54d858-40 > .kt-inside-inner-col:before{border-top-left-radius:0px;border-top-right-radius:0px;border-bottom-right-radius:0px;border-bottom-left-radius:0px;}.kadence-column17_54d858-40 > .kt-inside-inner-col{column-gap:var(--global-kb-gap-sm, 1rem);}.kadence-column17_54d858-40 > .kt-inside-inner-col{flex-direction:column;}.kadence-column17_54d858-40 > .kt-inside-inner-col > .aligncenter{width:100%;}.kadence-column17_54d858-40 > .kt-inside-inner-col:before{opacity:0.3;}.kadence-column17_54d858-40{position:relative;}@media all and (max-width: 1024px){.kadence-column17_54d858-40 > .kt-inside-inner-col{flex-direction:column;justify-content:center;}}@media all and (max-width: 767px){.kadence-column17_54d858-40 > .kt-inside-inner-col{flex-direction:column;justify-content:center;}}<\/style>\n<div class=\"wp-block-kadence-column kadence-column17_54d858-40\"><div class=\"kt-inside-inner-col\"><style>.wp-block-kadence-advancedheading.kt-adv-heading17_a2aaab-85, .wp-block-kadence-advancedheading.kt-adv-heading17_a2aaab-85[data-kb-block=\"kb-adv-heading17_a2aaab-85\"]{padding-bottom:var(--global-kb-spacing-lg, 3rem);margin-bottom:0px;font-style:normal;}.wp-block-kadence-advancedheading.kt-adv-heading17_a2aaab-85 mark.kt-highlight, .wp-block-kadence-advancedheading.kt-adv-heading17_a2aaab-85[data-kb-block=\"kb-adv-heading17_a2aaab-85\"] mark.kt-highlight{font-style:normal;color:#f76a0c;-webkit-box-decoration-break:clone;box-decoration-break:clone;padding-top:0px;padding-right:0px;padding-bottom:0px;padding-left:0px;}.wp-block-kadence-advancedheading.kt-adv-heading17_a2aaab-85 img.kb-inline-image, .wp-block-kadence-advancedheading.kt-adv-heading17_a2aaab-85[data-kb-block=\"kb-adv-heading17_a2aaab-85\"] img.kb-inline-image{width:150px;vertical-align:baseline;}<\/style>\n<div class=\"kb-adv-heading-wrap17_a2aaab-85 kadence-advanced-heading-wrapper kadence-heading-clip-animation\"><h2 class=\"kt-adv-heading17_a2aaab-85 wp-block-kadence-advancedheading\" data-kb-block=\"kb-adv-heading17_a2aaab-85\" data-aos=\"reveal-down\" data-aos-duration=\"1000\">Opis us\u0142ug<\/h2><\/div>\n\n\n<style>.kb-image17_0e007b-0c .kb-image-has-overlay:after{opacity:0.3;}<\/style>\n<figure class=\"wp-block-kadence-image kb-image17_0e007b-0c size-large\"><img loading=\"lazy\" decoding=\"async\" width=\"1024\" height=\"576\" src=\"https:\/\/artapharma.pl\/wp-content\/uploads\/2023\/11\/schemat_ARTA-do-Produckji-Kontraktowej-1024x576.jpg\" alt=\"\" class=\"kb-img wp-image-648\" srcset=\"https:\/\/artapharma.pl\/wp-content\/uploads\/2023\/11\/schemat_ARTA-do-Produckji-Kontraktowej-1024x576.jpg 1024w, https:\/\/artapharma.pl\/wp-content\/uploads\/2023\/11\/schemat_ARTA-do-Produckji-Kontraktowej-300x169.jpg 300w, https:\/\/artapharma.pl\/wp-content\/uploads\/2023\/11\/schemat_ARTA-do-Produckji-Kontraktowej-768x432.jpg 768w, https:\/\/artapharma.pl\/wp-content\/uploads\/2023\/11\/schemat_ARTA-do-Produckji-Kontraktowej-1536x864.jpg 1536w, https:\/\/artapharma.pl\/wp-content\/uploads\/2023\/11\/schemat_ARTA-do-Produckji-Kontraktowej.jpg 1920w\" sizes=\"auto, (max-width: 1024px) 100vw, 1024px\" \/><\/figure>\n<\/div><\/div>\n\n<\/div><\/div>","protected":false},"excerpt":{"rendered":"<p>Zakres us\u0142ug Jako ARTA Sp. z o.o. specjalizujemy si\u0119 w produkcji kontraktowej wyrob\u00f3w medycznych, suplement\u00f3w diety, produkt\u00f3w leczniczych i kosmetyk\u00f3w. Nasza wykwalifikowana kadra gwarantuje wsparcie na ka\u017cdym etapie rozwoju produktu poprzez optymalizacj\u0119 technologii wytwarzania czy doradztwo w zakresie sk\u0142adu wyrobu. Procesy zachodz\u0105ce podczas wytwarzania spe\u0142niaj\u0105 najwy\u017csze normy jako\u015bci i bezpiecze\u0144stwa. Opis us\u0142ug<\/p>","protected":false},"author":2,"featured_media":45,"parent":0,"menu_order":0,"comment_status":"closed","ping_status":"closed","template":"","meta":{"_kad_blocks_custom_css":"","_kad_blocks_head_custom_js":"","_kad_blocks_body_custom_js":"","_kad_blocks_footer_custom_js":"","_kad_post_transparent":"","_kad_post_title":"","_kad_post_layout":"","_kad_post_sidebar_id":"","_kad_post_content_style":"","_kad_post_vertical_padding":"","_kad_post_feature":"","_kad_post_feature_position":"","_kad_post_header":false,"_kad_post_footer":false,"_kad_post_classname":"","footnotes":""},"class_list":["post-17","page","type-page","status-publish","has-post-thumbnail","hentry"],"taxonomy_info":[],"featured_image_src_large":["https:\/\/artapharma.pl\/wp-content\/uploads\/2023\/08\/butelki-medycyny-i-tabletek-na-drewniane-biurko-11-1024x476.png",1024,476,true],"author_info":{"display_name":"Przemek","author_link":"https:\/\/artapharma.pl\/en\/author\/przemek\/"},"comment_info":0,"_links":{"self":[{"href":"https:\/\/artapharma.pl\/en\/wp-json\/wp\/v2\/pages\/17","targetHints":{"allow":["GET"]}}],"collection":[{"href":"https:\/\/artapharma.pl\/en\/wp-json\/wp\/v2\/pages"}],"about":[{"href":"https:\/\/artapharma.pl\/en\/wp-json\/wp\/v2\/types\/page"}],"author":[{"embeddable":true,"href":"https:\/\/artapharma.pl\/en\/wp-json\/wp\/v2\/users\/2"}],"replies":[{"embeddable":true,"href":"https:\/\/artapharma.pl\/en\/wp-json\/wp\/v2\/comments?post=17"}],"version-history":[{"count":34,"href":"https:\/\/artapharma.pl\/en\/wp-json\/wp\/v2\/pages\/17\/revisions"}],"predecessor-version":[{"id":649,"href":"https:\/\/artapharma.pl\/en\/wp-json\/wp\/v2\/pages\/17\/revisions\/649"}],"wp:featuredmedia":[{"embeddable":true,"href":"https:\/\/artapharma.pl\/en\/wp-json\/wp\/v2\/media\/45"}],"wp:attachment":[{"href":"https:\/\/artapharma.pl\/en\/wp-json\/wp\/v2\/media?parent=17"}],"curies":[{"name":"wp","href":"https:\/\/api.w.org\/{rel}","templated":true}]}}