{"id":13,"date":"2023-08-16T09:32:13","date_gmt":"2023-08-16T07:32:13","guid":{"rendered":"http:\/\/arta.dkonto.pl\/?page_id=13"},"modified":"2024-10-31T19:04:31","modified_gmt":"2024-10-31T18:04:31","slug":"o-nas","status":"publish","type":"page","link":"https:\/\/artapharma.pl\/en\/o-nas\/","title":{"rendered":"About Us"},"content":{"rendered":"<style>.kb-row-layout-id13_cf4eee-37 > .kt-row-column-wrap{align-content:center;}:where(.kb-row-layout-id13_cf4eee-37 > .kt-row-column-wrap) > .wp-block-kadence-column{justify-content:center;}.kb-row-layout-id13_cf4eee-37 > .kt-row-column-wrap{column-gap:var(--global-kb-gap-md, 2rem);row-gap:var(--global-kb-gap-md, 2rem);padding-bottom:var(--global-kb-spacing-xxl, 5rem);grid-template-columns:repeat(2, minmax(0, 1fr));}.kb-row-layout-id13_cf4eee-37 > .kt-row-layout-overlay{opacity:0.30;}@media all and (max-width: 1024px){.kb-row-layout-id13_cf4eee-37 > .kt-row-column-wrap{grid-template-columns:repeat(2, minmax(0, 1fr));}}@media all and (max-width: 767px){.kb-row-layout-id13_cf4eee-37 > .kt-row-column-wrap{grid-template-columns:minmax(0, 1fr);}}<\/style><div class=\"kb-row-layout-wrap kb-row-layout-id13_cf4eee-37 alignnone wp-block-kadence-rowlayout\"><div class=\"kt-row-column-wrap kt-has-2-columns kt-row-layout-equal kt-tab-layout-inherit kt-mobile-layout-row kt-row-valign-middle\">\n<style>.kadence-column13_392192-9c > .kt-inside-inner-col,.kadence-column13_392192-9c > .kt-inside-inner-col:before{border-top-left-radius:0px;border-top-right-radius:0px;border-bottom-right-radius:0px;border-bottom-left-radius:0px;}.kadence-column13_392192-9c > .kt-inside-inner-col{column-gap:var(--global-kb-gap-sm, 1rem);}.kadence-column13_392192-9c > .kt-inside-inner-col{flex-direction:column;}.kadence-column13_392192-9c > .kt-inside-inner-col > .aligncenter{width:100%;}.kadence-column13_392192-9c > .kt-inside-inner-col:before{opacity:0.3;}.kadence-column13_392192-9c{position:relative;}@media all and (max-width: 1024px){.kadence-column13_392192-9c > .kt-inside-inner-col{flex-direction:column;justify-content:center;}}@media all and (max-width: 767px){.kadence-column13_392192-9c > .kt-inside-inner-col{flex-direction:column;justify-content:center;}}<\/style>\n<div class=\"wp-block-kadence-column kadence-column13_392192-9c\"><div class=\"kt-inside-inner-col\"><style>.wp-block-kadence-advancedheading.kt-adv-heading13_f33e95-7a, .wp-block-kadence-advancedheading.kt-adv-heading13_f33e95-7a[data-kb-block=\"kb-adv-heading13_f33e95-7a\"]{display:block;margin-bottom:-38px;font-size:70px;font-weight:bold;font-style:normal;border-top:0px solid var(--global-palette1, #3182CE);border-right:0px solid var(--global-palette1, #3182CE);border-bottom:0px solid var(--global-palette1, #3182CE);border-left:0px solid var(--global-palette1, #3182CE);}.wp-block-kadence-advancedheading.kt-adv-heading13_f33e95-7a mark.kt-highlight, .wp-block-kadence-advancedheading.kt-adv-heading13_f33e95-7a[data-kb-block=\"kb-adv-heading13_f33e95-7a\"] mark.kt-highlight{font-style:normal;color:#f76a0c;-webkit-box-decoration-break:clone;box-decoration-break:clone;padding-top:0px;padding-right:0px;padding-bottom:0px;padding-left:0px;}.wp-block-kadence-advancedheading.kt-adv-heading13_f33e95-7a img.kb-inline-image, .wp-block-kadence-advancedheading.kt-adv-heading13_f33e95-7a[data-kb-block=\"kb-adv-heading13_f33e95-7a\"] img.kb-inline-image{width:150px;vertical-align:baseline;}@media all and (max-width: 1024px){.wp-block-kadence-advancedheading.kt-adv-heading13_f33e95-7a, .wp-block-kadence-advancedheading.kt-adv-heading13_f33e95-7a[data-kb-block=\"kb-adv-heading13_f33e95-7a\"]{border-top:0px solid var(--global-palette1, #3182CE);border-right:0px solid var(--global-palette1, #3182CE);border-bottom:0px solid var(--global-palette1, #3182CE);border-left:0px solid var(--global-palette1, #3182CE);}}@media all and (max-width: 767px){.wp-block-kadence-advancedheading.kt-adv-heading13_f33e95-7a, .wp-block-kadence-advancedheading.kt-adv-heading13_f33e95-7a[data-kb-block=\"kb-adv-heading13_f33e95-7a\"]{font-size:var(--global-kb-font-size-xl, 3rem);border-top:0px solid var(--global-palette1, #3182CE);border-right:0px solid var(--global-palette1, #3182CE);border-bottom:0px solid var(--global-palette1, #3182CE);border-left:0px solid var(--global-palette1, #3182CE);}}<\/style>\n<span class=\"kt-adv-heading13_f33e95-7a bold wp-block-kadence-advancedheading has-theme-palette-8-color has-text-color\" data-kb-block=\"kb-adv-heading13_f33e95-7a\">O firmie<\/span>\n\n\n<style>.wp-block-kadence-advancedheading.kt-adv-heading13_df1854-5f, .wp-block-kadence-advancedheading.kt-adv-heading13_df1854-5f[data-kb-block=\"kb-adv-heading13_df1854-5f\"]{margin-top:0px;font-style:normal;}.wp-block-kadence-advancedheading.kt-adv-heading13_df1854-5f mark.kt-highlight, .wp-block-kadence-advancedheading.kt-adv-heading13_df1854-5f[data-kb-block=\"kb-adv-heading13_df1854-5f\"] mark.kt-highlight{font-style:normal;color:#f76a0c;-webkit-box-decoration-break:clone;box-decoration-break:clone;padding-top:0px;padding-right:0px;padding-bottom:0px;padding-left:0px;}.wp-block-kadence-advancedheading.kt-adv-heading13_df1854-5f img.kb-inline-image, .wp-block-kadence-advancedheading.kt-adv-heading13_df1854-5f[data-kb-block=\"kb-adv-heading13_df1854-5f\"] img.kb-inline-image{width:150px;vertical-align:baseline;}@media all and (max-width: 767px){.wp-block-kadence-advancedheading.kt-adv-heading13_df1854-5f, .wp-block-kadence-advancedheading.kt-adv-heading13_df1854-5f[data-kb-block=\"kb-adv-heading13_df1854-5f\"]{font-size:var(--global-kb-font-size-xl, 3rem);}}<\/style>\n<div class=\"kb-adv-heading-wrap13_df1854-5f kadence-advanced-heading-wrapper kadence-heading-clip-animation\"><h2 class=\"kt-adv-heading13_df1854-5f wp-block-kadence-advancedheading\" data-kb-block=\"kb-adv-heading13_df1854-5f\" data-aos=\"reveal-down\" data-aos-duration=\"1000\">Arta Sp. z o.o.<\/h2><\/div>\n\n\n\n<p>Arta Sp. z o.o. to przedsi\u0119biorstwo farmaceutyczne powsta\u0142e w 2022 r., z siedzib\u0105 przy ul. Hutniczej w Warszawie. Zatrudniamy najwy\u017cszej klasy specjalist\u00f3w z wieloletnim do\u015bwiadczeniem, nabytym w pracy w renomowanych firmach farmaceutycznych. <\/p>\n\n\n\n<p>Specjalizujemy si\u0119 w produkcji kontraktowej: wyrob\u00f3w medycznych, suplement\u00f3w diety i kosmetyk\u00f3w. Posiadamy nowoczesne zaplecze maszynowe pozwalaj\u0105ce realizowa\u0107 zar\u00f3wno standardowe jak i innowacyjne projekty dla naszych klient\u00f3w z Polski i zagranicy.<\/p>\n\n\n\n<p><strong>Nasz personel realizuje us\u0142ugi zwi\u0105zane z rozwojem technologii wytwarzania, zapewnieniem jako\u015bci i kontrol\u0105 jako\u015bci, co pozwala spe\u0142ni\u0107 oczekiwania nawet najbardziej wymagaj\u0105cych kontrahent\u00f3w. <\/strong><\/p>\n<\/div><\/div>\n\n\n<style>.kadence-column13_157e06-eb > .kt-inside-inner-col,.kadence-column13_157e06-eb > .kt-inside-inner-col:before{border-top-left-radius:0px;border-top-right-radius:0px;border-bottom-right-radius:0px;border-bottom-left-radius:0px;}.kadence-column13_157e06-eb > .kt-inside-inner-col{column-gap:var(--global-kb-gap-sm, 1rem);}.kadence-column13_157e06-eb > .kt-inside-inner-col{flex-direction:column;}.kadence-column13_157e06-eb > .kt-inside-inner-col > .aligncenter{width:100%;}.kadence-column13_157e06-eb > .kt-inside-inner-col:before{opacity:0.3;}.kadence-column13_157e06-eb{position:relative;}@media all and (max-width: 1024px){.kadence-column13_157e06-eb > .kt-inside-inner-col{flex-direction:column;justify-content:center;}}@media all and (max-width: 767px){.kadence-column13_157e06-eb > .kt-inside-inner-col{flex-direction:column;justify-content:center;}}<\/style>\n<div class=\"wp-block-kadence-column kadence-column13_157e06-eb\"><div class=\"kt-inside-inner-col\"><style>.kb-image13_d376cc-5d .kb-image-has-overlay:after{opacity:0.3;}<\/style>\n<figure class=\"wp-block-kadence-image kb-image13_d376cc-5d size-full kb-filter-mayfair kb-image-is-ratio-size\"><div class=\"kb-is-ratio-image kb-image-ratio-port34\"><img loading=\"lazy\" decoding=\"async\" width=\"750\" height=\"1000\" src=\"https:\/\/artapharma.pl\/wp-content\/uploads\/2023\/11\/Zdjecie-O-NAS-ZAKLAD.jpg\" alt=\"\" class=\"kb-img wp-image-628\" srcset=\"https:\/\/artapharma.pl\/wp-content\/uploads\/2023\/11\/Zdjecie-O-NAS-ZAKLAD.jpg 750w, https:\/\/artapharma.pl\/wp-content\/uploads\/2023\/11\/Zdjecie-O-NAS-ZAKLAD-225x300.jpg 225w\" sizes=\"auto, (max-width: 750px) 100vw, 750px\" \/><\/div><\/figure>\n<\/div><\/div>\n\n<\/div><\/div>\n\n<style>.kb-row-layout-id13_181c94-c3 > .kt-row-column-wrap{align-content:end;}:where(.kb-row-layout-id13_181c94-c3 > .kt-row-column-wrap) > .wp-block-kadence-column{justify-content:end;}.kb-row-layout-id13_181c94-c3 > .kt-row-column-wrap{column-gap:var(--global-kb-gap-md, 2rem);row-gap:var(--global-kb-gap-md, 2rem);padding-top:304px;padding-bottom:0px;grid-template-columns:repeat(2, minmax(0, 1fr));}.kb-row-layout-id13_181c94-c3{border-top-left-radius:5px;border-top-right-radius:5px;border-bottom-right-radius:5px;border-bottom-left-radius:5px;overflow:clip;isolation:isolate;}.kb-row-layout-id13_181c94-c3 > .kt-row-layout-overlay{border-top-left-radius:5px;border-top-right-radius:5px;border-bottom-right-radius:5px;border-bottom-left-radius:5px;}.kb-row-layout-id13_181c94-c3{background-image:url('https:\/\/artapharma.pl\/wp-content\/uploads\/2023\/11\/Zdjecie-do-O-NAS1.jpg');background-size:cover;background-position:center center;background-attachment:scroll;background-repeat:no-repeat;}.kb-row-layout-id13_181c94-c3 > .kt-row-layout-overlay{opacity:0.30;}.kb-row-layout-id13_181c94-c3{z-index:1;position:relative;}@media all and (max-width: 1024px){.kb-row-layout-id13_181c94-c3 > .kt-row-column-wrap{grid-template-columns:repeat(2, minmax(0, 1fr));}}@media all and (max-width: 767px){.kb-row-layout-id13_181c94-c3 > .kt-row-column-wrap{grid-template-columns:minmax(0, 1fr);}}<\/style><div class=\"kb-row-layout-wrap kb-row-layout-id13_181c94-c3 alignnone kt-row-has-bg overflow-v wp-block-kadence-rowlayout\"><div class=\"kt-row-column-wrap kt-has-2-columns kt-row-layout-equal kt-tab-layout-inherit kt-mobile-layout-row kt-row-valign-bottom\">\n<style>.kadence-column13_098697-71 > .kt-inside-inner-col,.kadence-column13_098697-71 > .kt-inside-inner-col:before{border-top-left-radius:0px;border-top-right-radius:0px;border-bottom-right-radius:0px;border-bottom-left-radius:0px;}.kadence-column13_098697-71 > .kt-inside-inner-col{column-gap:var(--global-kb-gap-sm, 1rem);}.kadence-column13_098697-71 > .kt-inside-inner-col{flex-direction:column;}.kadence-column13_098697-71 > .kt-inside-inner-col > .aligncenter{width:100%;}.kadence-column13_098697-71 > .kt-inside-inner-col:before{opacity:0.3;}.kadence-column13_098697-71{position:relative;}@media all and (max-width: 1024px){.kadence-column13_098697-71 > .kt-inside-inner-col{flex-direction:column;justify-content:center;}}@media all and (max-width: 767px){.kadence-column13_098697-71 > .kt-inside-inner-col{flex-direction:column;justify-content:center;}}<\/style>\n<div class=\"wp-block-kadence-column kadence-column13_098697-71\"><div class=\"kt-inside-inner-col\"><\/div><\/div>\n\n\n<style>.kadence-column13_85ea8f-27 > .kt-inside-inner-col{display:flex;}.kadence-column13_85ea8f-27 > .kt-inside-inner-col,.kadence-column13_85ea8f-27 > .kt-inside-inner-col:before{border-top-left-radius:0px;border-top-right-radius:0px;border-bottom-right-radius:0px;border-bottom-left-radius:0px;}.kadence-column13_85ea8f-27 > .kt-inside-inner-col{column-gap:var(--global-kb-gap-sm, 1rem);}.kadence-column13_85ea8f-27 > .kt-inside-inner-col{flex-direction:column;justify-content:flex-end;}.kadence-column13_85ea8f-27 > .kt-inside-inner-col > .aligncenter{width:100%;}.kt-row-column-wrap > .kadence-column13_85ea8f-27{align-self:flex-end;}.kt-inner-column-height-full:not(.kt-has-1-columns) > .wp-block-kadence-column.kadence-column13_85ea8f-27{align-self:auto;}.kt-inner-column-height-full:not(.kt-has-1-columns) > .wp-block-kadence-column.kadence-column13_85ea8f-27 > .kt-inside-inner-col{flex-direction:column;justify-content:flex-end;}.kadence-column13_85ea8f-27 > .kt-inside-inner-col:before{opacity:0.3;}.kadence-column13_85ea8f-27{z-index:200;position:relative;}.kadence-column13_85ea8f-27, .kt-inside-inner-col > .kadence-column13_85ea8f-27:not(.specificity){margin-bottom:-80px;}@media all and (max-width: 1024px){.kt-row-column-wrap > .kadence-column13_85ea8f-27{align-self:flex-end;}}@media all and (max-width: 1024px){.kt-inner-column-height-full:not(.kt-has-1-columns) > .wp-block-kadence-column.kadence-column13_85ea8f-27{align-self:auto;}}@media all and (max-width: 1024px){.kt-inner-column-height-full:not(.kt-has-1-columns) > .wp-block-kadence-column.kadence-column13_85ea8f-27 > .kt-inside-inner-col{flex-direction:column;justify-content:flex-end;}}@media all and (max-width: 1024px){.kadence-column13_85ea8f-27 > .kt-inside-inner-col{flex-direction:column;justify-content:flex-end;}}@media all and (max-width: 767px){.kt-row-column-wrap > .kadence-column13_85ea8f-27{align-self:flex-end;}.kt-inner-column-height-full:not(.kt-has-1-columns) > .wp-block-kadence-column.kadence-column13_85ea8f-27{align-self:auto;}.kt-inner-column-height-full:not(.kt-has-1-columns) > .wp-block-kadence-column.kadence-column13_85ea8f-27 > .kt-inside-inner-col{flex-direction:column;justify-content:flex-end;}.kadence-column13_85ea8f-27 > .kt-inside-inner-col{flex-direction:column;justify-content:flex-end;}}<\/style>\n<div class=\"wp-block-kadence-column kadence-column13_85ea8f-27\"><div class=\"kt-inside-inner-col\"><style>.kadence-column13_e2c90d-39{max-width:314px;margin-left:auto;margin-right:auto;}.wp-block-kadence-column.kb-section-dir-horizontal:not(.kb-section-md-dir-vertical)>.kt-inside-inner-col>.kadence-column13_e2c90d-39{-webkit-flex:0 1 314px;flex:0 1 314px;max-width:unset;margin-left:unset;margin-right:unset;}.kadence-column13_e2c90d-39 > .kt-inside-inner-col{padding-top:var(--global-kb-spacing-xl, 4rem);padding-right:var(--global-kb-spacing-xl, 4rem);padding-bottom:var(--global-kb-spacing-xl, 4rem);padding-left:var(--global-kb-spacing-xl, 4rem);}.kadence-column13_e2c90d-39 > .kt-inside-inner-col,.kadence-column13_e2c90d-39 > .kt-inside-inner-col:before{border-top-left-radius:0px;border-top-right-radius:0px;border-bottom-right-radius:0px;border-bottom-left-radius:0px;}.kadence-column13_e2c90d-39 > .kt-inside-inner-col{column-gap:var(--global-kb-gap-sm, 1rem);}.kadence-column13_e2c90d-39 > .kt-inside-inner-col{flex-direction:column;}.kadence-column13_e2c90d-39 > .kt-inside-inner-col > .aligncenter{width:100%;}.kadence-column13_e2c90d-39 > .kt-inside-inner-col{background-color:var(--global-palette1, #3182CE);}.kadence-column13_e2c90d-39:hover > .kt-inside-inner-col{background-color:#810202;background-image:none;}.kadence-column13_e2c90d-39 > .kt-inside-inner-col:before{opacity:0.3;}.kadence-column13_e2c90d-39{z-index:200;position:relative;}.kadence-column13_e2c90d-39, .kt-inside-inner-col > .kadence-column13_e2c90d-39:not(.specificity){margin-top:0px;margin-bottom:0px;}@media all and (min-width: 1025px){.wp-block-kadence-column.kb-section-dir-horizontal>.kt-inside-inner-col>.kadence-column13_e2c90d-39{-webkit-flex:0 1 314px;flex:0 1 314px;max-width:unset;margin-left:unset;margin-right:unset;}}@media all and (max-width: 1024px){.kadence-column13_e2c90d-39 > .kt-inside-inner-col{flex-direction:column;justify-content:center;}}@media all and (max-width: 767px){.wp-block-kadence-column.kb-section-sm-dir-vertical:not(.kb-section-sm-dir-horizontal):not(.kb-section-sm-dir-specificity)>.kt-inside-inner-col>.kadence-column13_e2c90d-39{max-width:314px;-webkit-flex:1;flex:1;margin-left:auto;margin-right:auto;}.kadence-column13_e2c90d-39 > .kt-inside-inner-col{flex-direction:column;justify-content:center;}}<\/style>\n<div class=\"wp-block-kadence-column kadence-column13_e2c90d-39 kb-section-has-link\"><div class=\"kt-inside-inner-col\"><style>.wp-block-kadence-advancedheading.kt-adv-heading13_6f0e90-a3, .wp-block-kadence-advancedheading.kt-adv-heading13_6f0e90-a3[data-kb-block=\"kb-adv-heading13_6f0e90-a3\"]{font-size:var(--global-kb-font-size-md, 1.25rem);font-style:normal;text-transform:uppercase;}.wp-block-kadence-advancedheading.kt-adv-heading13_6f0e90-a3 mark.kt-highlight, .wp-block-kadence-advancedheading.kt-adv-heading13_6f0e90-a3[data-kb-block=\"kb-adv-heading13_6f0e90-a3\"] mark.kt-highlight{font-style:normal;color:#f76a0c;-webkit-box-decoration-break:clone;box-decoration-break:clone;padding-top:0px;padding-right:0px;padding-bottom:0px;padding-left:0px;}.wp-block-kadence-advancedheading.kt-adv-heading13_6f0e90-a3 img.kb-inline-image, .wp-block-kadence-advancedheading.kt-adv-heading13_6f0e90-a3[data-kb-block=\"kb-adv-heading13_6f0e90-a3\"] img.kb-inline-image{width:150px;vertical-align:baseline;}<\/style>\n<h3 class=\"kt-adv-heading13_6f0e90-a3 wp-block-kadence-advancedheading has-theme-palette-9-color has-text-color\" data-kb-block=\"kb-adv-heading13_6f0e90-a3\">Produkcja<\/h3>\n\n\n<style>.wp-block-kadence-advancedheading.kt-adv-heading13_d9667f-7c, .wp-block-kadence-advancedheading.kt-adv-heading13_d9667f-7c[data-kb-block=\"kb-adv-heading13_d9667f-7c\"]{margin-bottom:var(--global-kb-spacing-lg, 3rem);font-style:normal;}.wp-block-kadence-advancedheading.kt-adv-heading13_d9667f-7c mark.kt-highlight, .wp-block-kadence-advancedheading.kt-adv-heading13_d9667f-7c[data-kb-block=\"kb-adv-heading13_d9667f-7c\"] mark.kt-highlight{font-style:normal;color:#f76a0c;-webkit-box-decoration-break:clone;box-decoration-break:clone;padding-top:0px;padding-right:0px;padding-bottom:0px;padding-left:0px;}.wp-block-kadence-advancedheading.kt-adv-heading13_d9667f-7c img.kb-inline-image, .wp-block-kadence-advancedheading.kt-adv-heading13_d9667f-7c[data-kb-block=\"kb-adv-heading13_d9667f-7c\"] img.kb-inline-image{width:150px;vertical-align:baseline;}<\/style>\n<p class=\"kt-adv-heading13_d9667f-7c wp-block-kadence-advancedheading has-theme-palette-7-color has-text-color\" data-kb-block=\"kb-adv-heading13_d9667f-7c\">Zapoznaj si\u0119 z ofert\u0105<\/p>\n\n\n<style>.kb-image13_123dd9-bd .kb-image-has-overlay:after{opacity:0.3;}<\/style>\n<figure class=\"wp-block-kadence-image kb-image13_123dd9-bd size-full\"><img loading=\"lazy\" decoding=\"async\" width=\"65\" height=\"23\" src=\"https:\/\/artapharma.pl\/wp-content\/uploads\/2023\/08\/Arrow-2.png\" alt=\"\" class=\"kb-img wp-image-349\"\/><\/figure>\n<\/div><a href=\"\/produkcja-kontraktowa\/\" class=\"kb-section-link-overlay\"><\/a><\/div>\n<\/div><\/div>\n\n<\/div><\/div>\n\n<style>.kb-row-layout-id13_1e4392-4a > .kt-row-column-wrap{align-content:start;}:where(.kb-row-layout-id13_1e4392-4a > .kt-row-column-wrap) > .wp-block-kadence-column{justify-content:start;}.kb-row-layout-id13_1e4392-4a > .kt-row-column-wrap{column-gap:var(--global-kb-gap-md, 2rem);row-gap:var(--global-kb-gap-md, 2rem);padding-top:var(--global-kb-spacing-xxl, 5rem);grid-template-columns:minmax(0, calc(60% - ((var(--global-kb-gap-md, 2rem) * 1 )\/2)))minmax(0, calc(40% - ((var(--global-kb-gap-md, 2rem) * 1 )\/2)));}.kb-row-layout-id13_1e4392-4a > .kt-row-layout-overlay{opacity:0.30;}@media all and (max-width: 1024px){.kb-row-layout-id13_1e4392-4a > .kt-row-column-wrap{grid-template-columns:repeat(2, minmax(0, 1fr));}}@media all and (max-width: 767px){.kb-row-layout-id13_1e4392-4a > .kt-row-column-wrap{grid-template-columns:minmax(0, 1fr);}}<\/style><div class=\"kb-row-layout-wrap kb-row-layout-id13_1e4392-4a alignnone wp-block-kadence-rowlayout\"><div class=\"kt-row-column-wrap kt-has-2-columns kt-row-layout-equal kt-tab-layout-inherit kt-mobile-layout-row kt-row-valign-top\">\n<style>.kadence-column13_bcdb3c-c0 > .kt-inside-inner-col,.kadence-column13_bcdb3c-c0 > .kt-inside-inner-col:before{border-top-left-radius:0px;border-top-right-radius:0px;border-bottom-right-radius:0px;border-bottom-left-radius:0px;}.kadence-column13_bcdb3c-c0 > .kt-inside-inner-col{column-gap:var(--global-kb-gap-sm, 1rem);}.kadence-column13_bcdb3c-c0 > .kt-inside-inner-col{flex-direction:column;}.kadence-column13_bcdb3c-c0 > .kt-inside-inner-col > .aligncenter{width:100%;}.kadence-column13_bcdb3c-c0 > .kt-inside-inner-col:before{opacity:0.3;}.kadence-column13_bcdb3c-c0{position:relative;}@media all and (max-width: 1024px){.kadence-column13_bcdb3c-c0 > .kt-inside-inner-col{flex-direction:column;justify-content:center;}}@media all and (max-width: 767px){.kadence-column13_bcdb3c-c0 > .kt-inside-inner-col{flex-direction:column;justify-content:center;}}<\/style>\n<div class=\"wp-block-kadence-column kadence-column13_bcdb3c-c0\"><div class=\"kt-inside-inner-col\"><style>.wp-block-kadence-advancedheading.kt-adv-heading13_88759e-7d, .wp-block-kadence-advancedheading.kt-adv-heading13_88759e-7d[data-kb-block=\"kb-adv-heading13_88759e-7d\"]{font-style:normal;}.wp-block-kadence-advancedheading.kt-adv-heading13_88759e-7d mark.kt-highlight, .wp-block-kadence-advancedheading.kt-adv-heading13_88759e-7d[data-kb-block=\"kb-adv-heading13_88759e-7d\"] mark.kt-highlight{font-style:normal;color:#f76a0c;-webkit-box-decoration-break:clone;box-decoration-break:clone;padding-top:0px;padding-right:0px;padding-bottom:0px;padding-left:0px;}.wp-block-kadence-advancedheading.kt-adv-heading13_88759e-7d img.kb-inline-image, .wp-block-kadence-advancedheading.kt-adv-heading13_88759e-7d[data-kb-block=\"kb-adv-heading13_88759e-7d\"] img.kb-inline-image{width:150px;vertical-align:baseline;}<\/style>\n<p class=\"kt-adv-heading13_88759e-7d wp-block-kadence-advancedheading\" data-kb-block=\"kb-adv-heading13_88759e-7d\" data-aos=\"fade\" data-aos-duration=\"1000\">Kompleksowo realizujemy projekty, poczynaj\u0105c od opracowania formulacji, a ko\u0144cz\u0105c na wytworzeniu serii komercyjnych wyrobu. W trosce o zdrowie i bezpiecze\u0144stwo pacjent\u00f3w, posiadamy wdro\u017cony system HACCP oraz zasady Dobrej Praktyki Wytwarzania (GMP), co zapewnia wysok\u0105 jako\u015b\u0107 produkt\u00f3w oraz w\u0142a\u015bciw\u0105 higien\u0119 produkcji. Nasza organizacja posiada r\u00f3wnie\u017c wdro\u017cony, utrzymywany i stale doskonalony system zapewnienia jako\u015bci wg normy ISO 13485.<\/p>\n<\/div><\/div>\n\n\n<style>.kadence-column13_1fae78-27 > .kt-inside-inner-col,.kadence-column13_1fae78-27 > .kt-inside-inner-col:before{border-top-left-radius:0px;border-top-right-radius:0px;border-bottom-right-radius:0px;border-bottom-left-radius:0px;}.kadence-column13_1fae78-27 > .kt-inside-inner-col{column-gap:var(--global-kb-gap-sm, 1rem);}.kadence-column13_1fae78-27 > .kt-inside-inner-col{flex-direction:column;}.kadence-column13_1fae78-27 > .kt-inside-inner-col > .aligncenter{width:100%;}.kadence-column13_1fae78-27 > .kt-inside-inner-col:before{opacity:0.3;}.kadence-column13_1fae78-27{position:relative;}@media all and (max-width: 1024px){.kadence-column13_1fae78-27 > .kt-inside-inner-col{flex-direction:column;justify-content:center;}}@media all and (max-width: 767px){.kadence-column13_1fae78-27 > .kt-inside-inner-col{flex-direction:column;justify-content:center;}}<\/style>\n<div class=\"wp-block-kadence-column kadence-column13_1fae78-27\"><div class=\"kt-inside-inner-col\"><\/div><\/div>\n\n<\/div><\/div>","protected":false},"excerpt":{"rendered":"<p>O firmie Arta Sp. z o.o. Arta Sp. z o.o. to przedsi\u0119biorstwo farmaceutyczne powsta\u0142e w 2022 r., z siedzib\u0105 przy ul. Hutniczej w Warszawie. Zatrudniamy najwy\u017cszej klasy specjalist\u00f3w z wieloletnim do\u015bwiadczeniem, nabytym w pracy w renomowanych firmach farmaceutycznych. Specjalizujemy si\u0119 w produkcji kontraktowej: wyrob\u00f3w medycznych, suplement\u00f3w diety i kosmetyk\u00f3w. Posiadamy nowoczesne zaplecze maszynowe pozwalaj\u0105ce realizowa\u0107&#8230;<\/p>","protected":false},"author":2,"featured_media":625,"parent":0,"menu_order":0,"comment_status":"closed","ping_status":"closed","template":"","meta":{"_kad_blocks_custom_css":"","_kad_blocks_head_custom_js":"","_kad_blocks_body_custom_js":"","_kad_blocks_footer_custom_js":"","_kad_post_transparent":"","_kad_post_title":"","_kad_post_layout":"","_kad_post_sidebar_id":"","_kad_post_content_style":"","_kad_post_vertical_padding":"","_kad_post_feature":"","_kad_post_feature_position":"","_kad_post_header":false,"_kad_post_footer":false,"_kad_post_classname":"","footnotes":""},"class_list":["post-13","page","type-page","status-publish","has-post-thumbnail","hentry"],"taxonomy_info":[],"featured_image_src_large":["https:\/\/artapharma.pl\/wp-content\/uploads\/2023\/11\/Zdjecie-do-O-NAS1-1024x576.jpg",1024,576,true],"author_info":{"display_name":"Przemek","author_link":"https:\/\/artapharma.pl\/en\/author\/przemek\/"},"comment_info":0,"_links":{"self":[{"href":"https:\/\/artapharma.pl\/en\/wp-json\/wp\/v2\/pages\/13","targetHints":{"allow":["GET"]}}],"collection":[{"href":"https:\/\/artapharma.pl\/en\/wp-json\/wp\/v2\/pages"}],"about":[{"href":"https:\/\/artapharma.pl\/en\/wp-json\/wp\/v2\/types\/page"}],"author":[{"embeddable":true,"href":"https:\/\/artapharma.pl\/en\/wp-json\/wp\/v2\/users\/2"}],"replies":[{"embeddable":true,"href":"https:\/\/artapharma.pl\/en\/wp-json\/wp\/v2\/comments?post=13"}],"version-history":[{"count":52,"href":"https:\/\/artapharma.pl\/en\/wp-json\/wp\/v2\/pages\/13\/revisions"}],"predecessor-version":[{"id":896,"href":"https:\/\/artapharma.pl\/en\/wp-json\/wp\/v2\/pages\/13\/revisions\/896"}],"wp:featuredmedia":[{"embeddable":true,"href":"https:\/\/artapharma.pl\/en\/wp-json\/wp\/v2\/media\/625"}],"wp:attachment":[{"href":"https:\/\/artapharma.pl\/en\/wp-json\/wp\/v2\/media?parent=13"}],"curies":[{"name":"wp","href":"https:\/\/api.w.org\/{rel}","templated":true}]}}